{"id":1057,"date":"2024-05-31T10:30:28","date_gmt":"2024-05-31T10:30:28","guid":{"rendered":"https:\/\/gofit.laozhanzhang.com\/product\/tpe-printed-yoga-mat\/"},"modified":"2024-07-08T13:27:01","modified_gmt":"2024-07-08T13:27:01","slug":"tpe-printed-yoga-mat","status":"publish","type":"product","link":"https:\/\/gofitstrength.com\/es\/producto\/esterilla-de-yoga-estampada-tpe\/","title":{"rendered":"Esterilla de yoga con estampado TPE"},"content":{"rendered":"<h2 style=\"margin-bottom: 5px; text-align: left;\"><span style=\"color: #282828;\"><strong>Esterilla de yoga ecol\u00f3gica impresa en TPE con superficie antideslizante y acolchado de alta densidad para mayor comodidad y estabilidad<\/strong><\/span><\/h2>\n<h3 style=\"margin-bottom: 5px;\"><span style=\"font-size: 20px;\"><strong>Especificaci\u00f3n:\u00a0<\/strong><\/span><\/h3>\n<table cellspacing=\"0\">\n<tbody>\n<tr>\n<td style=\"word-break: break-all;\">Nombre del producto: Esterilla de yoga impresa TPE<\/td>\n<td style=\"word-break: break-all;\">N\u00ba de art\u00edculo: PN-YM-042<\/td>\n<\/tr>\n<tr>\n<td style=\"word-break: break-all;\">Tama\u00f1o (cm): 183*68*0.6<\/td>\n<td style=\"word-break: break-all;\">Material: TPE<\/td>\n<\/tr>\n<tr>\n<td style=\"word-break: break-all;\">OEM\/ODM: Aceptable<\/td>\n<td style=\"word-break: break-all;\">Logotipo y tama\u00f1o: Personalizado<\/td>\n<\/tr>\n<\/tbody>\n<\/table>\n<p>&nbsp;<\/p>\n<p style=\"white-space: normal;\"><span style=\"font-size: 110%;\">\u3010Material TPE de alta calidad\u3011: Hecho de TPE de alta calidad que proporciona una excelente amortiguaci\u00f3n y soporte.<\/span><br \/>\n<span style=\"font-size: 110%;\">\u3010Vibrante dise\u00f1o impreso\u3011: Presenta un dise\u00f1o impreso vibrante y llamativo, que a\u00f1ade un toque de personalidad a tu pr\u00e1ctica de yoga.<\/span><br \/>\n<span style=\"font-size: 110%;\">\u3010Superficie antideslizante\u3011: Garantiza la estabilidad y el agarre, incluso durante entrenamientos intensos y condiciones de sudoraci\u00f3n.<\/span><br \/>\n<span style=\"font-size: 110%;\">\u3010Almohadillado de alta densidad\u3011: Proporciona comodidad y protecci\u00f3n superiores para las articulaciones durante varias poses y ejercicios de yoga.<\/span><br \/>\n<span style=\"font-size: 110%;\">\u3010Construcci\u00f3n duradera\u3011: El material TPE de alta calidad garantiza un rendimiento y una resistencia duraderos.<\/span><br \/>\n<span style=\"font-size: 110%;\">\u3010Eco-friendly\u3011: Construido a partir de materiales respetuosos con el medio ambiente, por lo que es una opci\u00f3n sostenible para los entusiastas del yoga.<\/span><br \/>\n<span style=\"font-size: 110%;\">F\u00e1cil de limpiar: F\u00e1cil de limpiar y mantener, lo que garantiza la higiene y la longevidad.<\/span><br \/>\n<span style=\"font-size: 110%;\">\u3010Portable y Ligero\u3011: Ligero y f\u00e1cil de enrollar, por lo que es conveniente para el almacenamiento y el transporte.<\/span><\/p>\n<p>&nbsp;<\/p>\n<p><img decoding=\"async\" title=\"Esterilla de yoga con estampado TPE\" src=\"https:\/\/www.wavar.com\/data\/upload\/ueditor\/20220309\/622857b085597.jpg\" alt=\"Esterilla de yoga con estampado TPE\" \/><\/p>\n<p><img decoding=\"async\" title=\"Esterilla de yoga con estampado TPE\" src=\"https:\/\/www.wavar.com\/data\/upload\/ueditor\/20220309\/622857b767ad5.jpg\" alt=\"Esterilla de yoga con estampado TPE\" \/><\/p>\n<p><img decoding=\"async\" title=\"Esterilla de yoga con estampado TPE\" src=\"https:\/\/www.wavar.com\/data\/upload\/ueditor\/20220309\/622857bdd3f3f.jpg\" alt=\"Esterilla de yoga con estampado TPE\" \/><\/p>\n<p><img decoding=\"async\" title=\"Esterilla de yoga con estampado TPE\" src=\"https:\/\/www.wavar.com\/data\/upload\/ueditor\/20220309\/622857c37d829.jpg\" alt=\"Esterilla de yoga con estampado TPE\" \/><\/p>\n<p><img decoding=\"async\" title=\"Esterilla de yoga con estampado TPE\" src=\"https:\/\/www.wavar.com\/data\/upload\/ueditor\/20220309\/622857dc49ba3.jpg\" alt=\"Esterilla de yoga con estampado TPE\" \/><\/p>","protected":false},"excerpt":{"rendered":"<div>N\u00ba de art\u00edculo: PN-YM-042<\/div>\n<div><\/div>\n<div>Material: TPE<\/div>\n<div><\/div>\n<div>Tama\u00f1o: 183*61*0,6 cm<\/div>","protected":false},"featured_media":1056,"template":"","meta":[],"product_cat":[26,37],"product_tag":[1528,1428,1415,1495,1503,1411,1414,1436],"class_list":{"0":"post-1057","1":"product","2":"type-product","3":"status-publish","4":"has-post-thumbnail","6":"product_cat-yoga","7":"product_cat-yoga-mat-manufacturer","8":"product_tag-comfortable-yoga-mat","9":"product_tag-durable-yoga-mat","10":"product_tag-eco-friendly-yoga-mat","11":"product_tag-exercise-mat","12":"product_tag-high-density-yoga-mat","13":"product_tag-non-slip-yoga-mat","14":"product_tag-printed-yoga-mat","15":"product_tag-tpe-yoga-mat","17":"first","18":"instock","19":"shipping-taxable","20":"product-type-simple"},"_links":{"self":[{"href":"https:\/\/gofitstrength.com\/es\/wp-json\/wp\/v2\/product\/1057","targetHints":{"allow":["GET"]}}],"collection":[{"href":"https:\/\/gofitstrength.com\/es\/wp-json\/wp\/v2\/product"}],"about":[{"href":"https:\/\/gofitstrength.com\/es\/wp-json\/wp\/v2\/types\/product"}],"wp:featuredmedia":[{"embeddable":true,"href":"https:\/\/gofitstrength.com\/es\/wp-json\/wp\/v2\/media\/1056"}],"wp:attachment":[{"href":"https:\/\/gofitstrength.com\/es\/wp-json\/wp\/v2\/media?parent=1057"}],"wp:term":[{"taxonomy":"product_cat","embeddable":true,"href":"https:\/\/gofitstrength.com\/es\/wp-json\/wp\/v2\/product_cat?post=1057"},{"taxonomy":"product_tag","embeddable":true,"href":"https:\/\/gofitstrength.com\/es\/wp-json\/wp\/v2\/product_tag?post=1057"}],"curies":[{"name":"wp","href":"https:\/\/api.w.org\/{rel}","templated":true}]}}