{"id":839,"date":"2024-05-31T10:28:33","date_gmt":"2024-05-31T10:28:33","guid":{"rendered":"https:\/\/gofit.laozhanzhang.com\/product\/wholesale-water-weights-aqua-fitness-weights\/"},"modified":"2024-07-10T05:56:07","modified_gmt":"2024-07-10T05:56:07","slug":"wholesale-water-weights-aqua-fitness-weights","status":"publish","type":"product","link":"https:\/\/gofitstrength.com\/de\/produkt\/wholesale-water-weights-aqua-fitness-weights\/","title":{"rendered":"Wholesale Water Weights Aqua Fitness Weights"},"content":{"rendered":"<h2 style=\"text-align: left;\"><span style=\"color: #282828;\"><strong>Hochwertige Gro\u00dfhandel Damen Farbe Neopren Cast Iron Square Hanteln f\u00fcr Krafttraining und Home Gym<\/strong><\/span><\/h2>\n<p><span style=\"font-size: 110%;\">\u3010Hochwertiges Material\u3011: Hergestellt aus hochwertigem Gusseisen mit einer haltbaren Neoprenbeschichtung, die einen weichen, bequemen Griff bietet und eine lange Lebensdauer gew\u00e4hrleistet.<\/span><br \/>\n<span style=\"font-size: 110%;\">\u3010Quadratisches Design\u3011: Einzigartiges quadratisches Design verhindert Rollen und sorgt f\u00fcr Stabilit\u00e4t, wenn es auf dem Boden platziert wird, was es sicherer und bequemer f\u00fcr das Training macht.<\/span><br \/>\n<span style=\"font-size: 110%;\">\u3010Non-Slip Grip\u3011: Die Neoprenbeschichtung bietet eine rutschfeste Oberfl\u00e4che, die auch bei intensivem Training einen sicheren und komfortablen Griff gew\u00e4hrleistet.<\/span><br \/>\n<span style=\"font-size: 110%;\">\u3010Color-Coded Weights\u3011: Jede Hantel ist farbcodiert nach Gewicht f\u00fcr eine einfache Identifizierung und schnelle Auswahl, Rationalisierung Ihrer Trainingseinheiten.<\/span><br \/>\n<span style=\"font-size: 110%;\">\u3010Versatile Usage\u3011: Ideal f\u00fcr eine breite Palette von \u00dcbungen, einschlie\u00dflich Krafttraining, Muskeltraining, Aerobic-Workouts und Physiotherapie, geeignet f\u00fcr alle Fitness-Levels.<\/span><br \/>\n<span style=\"font-size: 110%;\">\u3010Kompakt und leicht\u3011: Entworfen, um kompakt und leicht zu sein, sind diese Hanteln einfach zu handhaben, zu lagern und zu transportieren, perfekt f\u00fcr den Einsatz zu Hause und im Fitnessstudio.<\/span><br \/>\n<span style=\"font-size: 110%;\">\u3010Easy to Clean\u3011: Die glatte Neoprenoberfl\u00e4che ist leicht zu reinigen und zu pflegen, was die Hygiene und Langlebigkeit der Hanteln gew\u00e4hrleistet.<\/span><br \/>\n<span style=\"font-size: 110%;\">\u3010Durable Construction\u3011: Gebaut mit hochwertigen Materialien und verst\u00e4rkt f\u00fcr St\u00e4rke, sind diese Hanteln entworfen, um h\u00e4ufige und intensive Nutzung ohne Schaden zu widerstehen.<\/span><br \/>\n<span style=\"font-size: 110%;\">\u3010Sch\u00fctzt Fu\u00dfb\u00f6den\u3011: Die Neoprenbeschichtung sorgt nicht nur f\u00fcr mehr Haltbarkeit, sondern sch\u00fctzt auch Ihre B\u00f6den vor Kratzern und Sch\u00e4den, wenn die Gewichte abgestellt werden.<\/span><br \/>\n<span style=\"font-size: 110%;\">\u3010Ideal f\u00fcr Frauen\u3011: Speziell f\u00fcr die Fitnessbed\u00fcrfnisse von Frauen entwickelt, bietet eine Reihe von Gewichten, die f\u00fcr verschiedene \u00dcbungen und Fitnessniveaus geeignet sind.<\/span><\/p>\n<p><img decoding=\"async\" style=\"font-size: 14.4px;\" title=\"water dumbbell 1.jpg\" src=\"https:\/\/www.wavar.com\/data\/upload\/ueditor\/20230412\/6436211ff3ee2.jpg\" alt=\"water dumbbell 1.jpg\" \/><\/p>\n<p><img decoding=\"async\" title=\"water dumbbell 2.jpg\" src=\"https:\/\/www.wavar.com\/data\/upload\/ueditor\/20230412\/6436213036842.jpg\" alt=\"water dumbbell 2.jpg\" \/><\/p>","protected":false},"excerpt":{"rendered":"<p>Item No: PN-DB-014<\/p>\n<p>Material: EVA<\/p>\n<p>Weight: 111g<\/p>\n<p>Size: 27.4*15cm<\/p>\n<p>OEM\/ODM: Annehmbar<\/p>","protected":false},"featured_media":838,"template":"","meta":[],"product_cat":[40,18,38,41],"product_tag":[2179,2178,91,2177,2180,90,89,93,352],"class_list":{"0":"post-839","1":"product","2":"type-product","3":"status-publish","4":"has-post-thumbnail","6":"product_cat-dumbbells-manufacturer","7":"product_cat-fitness","8":"product_cat-free-weights","9":"product_cat-women-dumbbell","10":"product_tag-cast-iron-dumbbells","11":"product_tag-color-square-dumbbells","12":"product_tag-home-gym-equipment","13":"product_tag-ladies-neoprene-dumbbells","14":"product_tag-neoprene-coated-weights","15":"product_tag-non-slip-dumbbells","16":"product_tag-strength-training-dumbbells","17":"product_tag-wholesale-dumbbells","18":"product_tag-womens-exercise-weights","20":"first","21":"instock","22":"shipping-taxable","23":"product-type-simple"},"_links":{"self":[{"href":"https:\/\/gofitstrength.com\/de\/wp-json\/wp\/v2\/product\/839","targetHints":{"allow":["GET"]}}],"collection":[{"href":"https:\/\/gofitstrength.com\/de\/wp-json\/wp\/v2\/product"}],"about":[{"href":"https:\/\/gofitstrength.com\/de\/wp-json\/wp\/v2\/types\/product"}],"wp:featuredmedia":[{"embeddable":true,"href":"https:\/\/gofitstrength.com\/de\/wp-json\/wp\/v2\/media\/838"}],"wp:attachment":[{"href":"https:\/\/gofitstrength.com\/de\/wp-json\/wp\/v2\/media?parent=839"}],"wp:term":[{"taxonomy":"product_cat","embeddable":true,"href":"https:\/\/gofitstrength.com\/de\/wp-json\/wp\/v2\/product_cat?post=839"},{"taxonomy":"product_tag","embeddable":true,"href":"https:\/\/gofitstrength.com\/de\/wp-json\/wp\/v2\/product_tag?post=839"}],"curies":[{"name":"wp","href":"https:\/\/api.w.org\/{rel}","templated":true}]}}