{"id":735,"date":"2024-05-31T10:27:36","date_gmt":"2024-05-31T10:27:36","guid":{"rendered":"https:\/\/gofit.laozhanzhang.com\/product\/wholesale-plastic-magnetic-olympic-barbell-collars\/"},"modified":"2024-07-10T15:27:03","modified_gmt":"2024-07-10T15:27:03","slug":"wholesale-plastic-magnetic-olympic-barbell-collars","status":"publish","type":"product","link":"https:\/\/gofitstrength.com\/de\/produkt\/groshandel-kunststoff-magnetische-olympische-langhantel-kragen\/","title":{"rendered":"Gro\u00dfhandel Kunststoff magnetische olympische Langhantel Halsb\u00e4nder"},"content":{"rendered":"<h2><span style=\"color: #282828;\"><strong>Magnetische olympische Langhantelh\u00fclsen aus hochfestem Kunststoff f\u00fcr sicheres Gewichtheben<\/strong><\/span><\/h2>\n<p><span style=\"font-size: 110%;\">\u3010Magnetischer Verriegelungsmechanismus\u3011: Verf\u00fcgt \u00fcber ein starkes magnetisches Verriegelungssystem, das einen sicheren Halt an der Hantel gew\u00e4hrleistet und verhindert, dass die Gewichte w\u00e4hrend intensiver Trainingseinheiten verrutschen.<\/span><br \/>\n<span style=\"font-size: 110%;\">\u3010Durable Plastic Construction\u3011: Hergestellt aus hochwertigem, sto\u00dffestem Kunststoff, der eine lange Haltbarkeit bietet und dem harten Einsatz in jeder Fitnessstudioumgebung standh\u00e4lt.<\/span><br \/>\n<span style=\"font-size: 110%;\">\u3010Easy to Use\u3011: Der Schnellverschlussmechanismus erm\u00f6glicht ein schnelles und einfaches Anbringen und Abnehmen, wodurch Gewichtsver\u00e4nderungen effizient und problemlos sind.<\/span><br \/>\n<span style=\"font-size: 110%;\">\u3010Universal Fit\u3011: Entwickelt, um Standard-Olympia-Hanteln zu passen, so dass sie f\u00fcr eine breite Palette von Gewichtheben \u00dcbungen und Trainingsroutinen geeignet sind.<\/span><br \/>\n<span style=\"font-size: 110%;\">\u3010Leicht und tragbar\u3011: Kompaktes und leichtes Design sorgt f\u00fcr einfachen Transport und Lagerung, perfekt f\u00fcr Personal Trainer und Fitnessstudio-Enthusiasten.<\/span><br \/>\n<span style=\"font-size: 110%;\">\u3010Enhanced Safety\u3011: Bietet eine sichere Verriegelung, um die Hantelscheiben an Ort und Stelle zu halten, was die Sicherheit und Stabilit\u00e4t w\u00e4hrend der Hebesitzungen erh\u00f6ht.<\/span><br \/>\n<span style=\"font-size: 110%;\">\u3010Ergonomisches Design\u3011: Ergonomisch gestaltet, um einen bequemen Griff zu bieten, so dass es einfach zu handhaben und zu bedienen.<\/span><br \/>\n<span style=\"font-size: 110%;\">\u3010Rust-Resistant\u3011: Das Kunststoffmaterial ist rost- und korrosionsbest\u00e4ndig, wodurch das Aussehen und die Funktionalit\u00e4t des Halsbandes im Laufe der Zeit erhalten bleiben.<\/span><\/p>\n<p style=\"text-align: center;\"><img decoding=\"async\" title=\"Gro\u00dfhandel Kunststoff magnetische olympische Langhantel Halsb\u00e4nder\" src=\"https:\/\/www.wavar.com\/data\/upload\/ueditor\/20230713\/64afb5a398cfb.jpg\" alt=\"Gro\u00dfhandel Kunststoff magnetische olympische Langhantel Halsb\u00e4nder\" \/><\/p>\n<p>&nbsp;<\/p>\n<p style=\"text-align: center;\"><img decoding=\"async\" title=\"Gro\u00dfhandel Kunststoff magnetische olympische Langhantel Halsb\u00e4nder\" src=\"https:\/\/www.wavar.com\/data\/upload\/ueditor\/20230713\/64afb5ad5212e.jpg\" alt=\"Gro\u00dfhandel Kunststoff magnetische olympische Langhantel Halsb\u00e4nder\" \/><\/p>\n<p style=\"text-align: center;\"><img decoding=\"async\" title=\"Gro\u00dfhandel Kunststoff magnetische olympische Langhantel Halsb\u00e4nder\" src=\"https:\/\/www.wavar.com\/data\/upload\/ueditor\/20230714\/64b0b0cf68b06.jpg\" alt=\"Gro\u00dfhandel Kunststoff magnetische olympische Langhantel Halsb\u00e4nder\" \/><\/p>\n<p style=\"text-align: center;\"><img decoding=\"async\" title=\"Gro\u00dfhandel Kunststoff magnetische olympische Langhantel Halsb\u00e4nder\" src=\"https:\/\/www.wavar.com\/data\/upload\/ueditor\/20230714\/64b0b0da84077.jpg\" alt=\"Gro\u00dfhandel Kunststoff magnetische olympische Langhantel Halsb\u00e4nder\" \/><\/p>","protected":false},"excerpt":{"rendered":"<p>Artikel: PN-BC-004<\/p>\n<p>Material: PVC+Silikon<\/p>\n<p>Durchmesser: 50 mm<\/p>\n<p>Ma\u00dfgeschneiderte Dienstleistungen anbieten: MOQ 100 Paare<\/p>\n<p>Nettogewicht: 0.45Kg\/Paar<\/p>\n<p>Verpackung: Karton, 50 Paar pro Karton<\/p>","protected":false},"featured_media":734,"template":"","meta":[],"product_cat":[59,18,38],"product_tag":[2471,2505,2472,2468,2479,2507,2504,2503,2506,2467],"class_list":{"0":"post-735","1":"product","2":"type-product","3":"status-publish","4":"has-post-thumbnail","6":"product_cat-barbell-clips-manufacturer","7":"product_cat-fitness","8":"product_cat-free-weights","9":"product_tag-barbell-accessories","10":"product_tag-barbell-locking-collars","11":"product_tag-fitness-barbell-collars","12":"product_tag-gym-barbell-collars","13":"product_tag-magnetic-barbell-collars","14":"product_tag-magnetic-weightlifting-clips","15":"product_tag-olympic-barbell-clips","16":"product_tag-plastic-barbell-collars","17":"product_tag-plastic-olympic-collars","18":"product_tag-weightlifting-collars","20":"first","21":"instock","22":"shipping-taxable","23":"product-type-simple"},"_links":{"self":[{"href":"https:\/\/gofitstrength.com\/de\/wp-json\/wp\/v2\/product\/735","targetHints":{"allow":["GET"]}}],"collection":[{"href":"https:\/\/gofitstrength.com\/de\/wp-json\/wp\/v2\/product"}],"about":[{"href":"https:\/\/gofitstrength.com\/de\/wp-json\/wp\/v2\/types\/product"}],"wp:featuredmedia":[{"embeddable":true,"href":"https:\/\/gofitstrength.com\/de\/wp-json\/wp\/v2\/media\/734"}],"wp:attachment":[{"href":"https:\/\/gofitstrength.com\/de\/wp-json\/wp\/v2\/media?parent=735"}],"wp:term":[{"taxonomy":"product_cat","embeddable":true,"href":"https:\/\/gofitstrength.com\/de\/wp-json\/wp\/v2\/product_cat?post=735"},{"taxonomy":"product_tag","embeddable":true,"href":"https:\/\/gofitstrength.com\/de\/wp-json\/wp\/v2\/product_tag?post=735"}],"curies":[{"name":"wp","href":"https:\/\/api.w.org\/{rel}","templated":true}]}}