{"id":713,"date":"2024-05-31T10:27:25","date_gmt":"2024-05-31T10:27:25","guid":{"rendered":"https:\/\/gofit.laozhanzhang.com\/product\/eco-friendly-double-color-laser-tpe-yoga-mat\/"},"modified":"2024-07-08T12:10:36","modified_gmt":"2024-07-08T12:10:36","slug":"eco-friendly-double-color-laser-tpe-yoga-mat","status":"publish","type":"product","link":"https:\/\/gofitstrength.com\/de\/produkt\/umweltfreundliche-zweifarbige-laser-tpe-yogamatte\/","title":{"rendered":"Umweltfreundliche Doppel-Farb-Laser-Tpe-Yoga-Matte"},"content":{"rendered":"<h2 style=\"text-align: left;\"><span style=\"color: #282828;\"><strong>Umweltfreundliche zweifarbig lasergedruckte TPE-Yogamatte mit rutschfester Oberfl\u00e4che und Ausrichtungslinien<\/strong><\/span><\/h2>\n<p><span style=\"color: #e67e22;\"><span style=\"color: #333333; font-family: arial; text-wrap: wrap; background-color: #ffffff;\">\u00a0<\/span><\/span><\/p>\n<p><span style=\"font-size: 110%;\">\u3010Double Color Design\u3011: Verf\u00fcgt \u00fcber ein stilvolles zweifarbiges Design, das einen Hauch von Eleganz zu Ihrer Yoga-Praxis hinzuf\u00fcgt.<\/span><br \/>\n<span style=\"font-size: 110%;\">\u3010Umweltfreundliches TPE-Material\u3011: Hergestellt aus hochwertigem, umweltfreundlichem TPE, das eine nachhaltige und umweltbewusste Option darstellt.<\/span><br \/>\n<span style=\"font-size: 110%;\">\u3010Lasergedruckte Muster\u3011: Hochwertige Laserdrucktechnologie sorgt f\u00fcr lebendige, langlebige Designs und Ausrichtungslinien, die nicht verblassen.<\/span><br \/>\n<span style=\"font-size: 110%;\">\u3010Non-slip Surface\u3011: Bietet einen sicheren Halt, um ein Ausrutschen zu verhindern und sorgt f\u00fcr Stabilit\u00e4t auch bei intensivem Training und schwei\u00dftreibenden Bedingungen.<\/span><br \/>\n<span style=\"font-size: 110%;\">\u3010Durable Construction\u3011: Hochwertiges TPE-Material sorgt f\u00fcr langanhaltende Leistung und Belastbarkeit.<\/span><br \/>\n<span style=\"font-size: 110%;\">\u3010Komfort und Unterst\u00fctzung\u3011: Bietet hervorragende Polsterung und Unterst\u00fctzung f\u00fcr verschiedene Yoga-Posen und \u00dcbungen.<\/span><br \/>\n<span style=\"font-size: 110%;\">\u3010Easy to Clean\u3011: Einfach zu reinigen und zu pflegen, um Hygiene und Langlebigkeit zu gew\u00e4hrleisten.<\/span><br \/>\n<span style=\"font-size: 110%;\">\u3010Portable and Lightweight\u3011: Leicht und einfach aufzurollen, so dass es bequem f\u00fcr die Lagerung und den Transport.<\/span><\/p>\n<p><img decoding=\"async\" title=\"Umweltfreundliche, rutschfeste Doppel-Farb-Laser-Tpe-Yoga-Matte\" src=\"\/\/image.chukouplus.com\/upload\/C_2283\/file\/20230106\/03d7e1c9a3bb2134be0859c4b7c83d70.jpg\" alt=\"Umweltfreundliche, rutschfeste Doppel-Farb-Laser-Tpe-Yoga-Matte\" data-cke-saved-src=\"\/\/image.chukouplus.com\/upload\/C_2283\/file\/20230106\/03d7e1c9a3bb2134be0859c4b7c83d70.jpg\" \/><img decoding=\"async\" title=\"Umweltfreundliche, rutschfeste Doppel-Farb-Laser-Tpe-Yoga-Matte\" src=\"\/\/image.chukouplus.com\/upload\/C_2283\/file\/20230106\/440369aff6845efde813b85767ae23b5.jpg\" alt=\"Umweltfreundliche, rutschfeste Doppel-Farb-Laser-Tpe-Yoga-Matte\" data-cke-saved-src=\"\/\/image.chukouplus.com\/upload\/C_2283\/file\/20230106\/440369aff6845efde813b85767ae23b5.jpg\" \/><img decoding=\"async\" title=\"Umweltfreundliche, rutschfeste Doppel-Farb-Laser-Tpe-Yoga-Matte\" src=\"\/\/image.chukouplus.com\/upload\/C_2283\/file\/20230106\/c6528366bdcca77367e1f236b8156dbe.jpg\" alt=\"Umweltfreundliche, rutschfeste Doppel-Farb-Laser-Tpe-Yoga-Matte\" data-cke-saved-src=\"\/\/image.chukouplus.com\/upload\/C_2283\/file\/20230106\/c6528366bdcca77367e1f236b8156dbe.jpg\" \/><img decoding=\"async\" title=\"Umweltfreundliche, rutschfeste Doppel-Farb-Laser-Tpe-Yoga-Matte\" src=\"\/\/image.chukouplus.com\/upload\/C_2283\/file\/20230106\/cd6806da9cc119f3fccd6571ac967fc2.jpg\" alt=\"Umweltfreundliche, rutschfeste Doppel-Farb-Laser-Tpe-Yoga-Matte\" data-cke-saved-src=\"\/\/image.chukouplus.com\/upload\/C_2283\/file\/20230106\/cd6806da9cc119f3fccd6571ac967fc2.jpg\" \/><img decoding=\"async\" title=\"Umweltfreundliche, rutschfeste Doppel-Farb-Laser-Tpe-Yoga-Matte\" src=\"\/\/image.chukouplus.com\/upload\/C_2283\/file\/20230106\/44d3f520dd48299f8cf77717694b78c6.jpg\" alt=\"Umweltfreundliche, rutschfeste Doppel-Farb-Laser-Tpe-Yoga-Matte\" data-cke-saved-src=\"\/\/image.chukouplus.com\/upload\/C_2283\/file\/20230106\/44d3f520dd48299f8cf77717694b78c6.jpg\" \/><img decoding=\"async\" title=\"Umweltfreundliche, rutschfeste Doppel-Farb-Laser-Tpe-Yoga-Matte\" src=\"\/\/image.chukouplus.com\/upload\/C_2283\/file\/20230106\/b927b9a28a624567a8943eb4d2cd9682.jpg\" alt=\"Umweltfreundliche, rutschfeste Doppel-Farb-Laser-Tpe-Yoga-Matte\" data-cke-saved-src=\"\/\/image.chukouplus.com\/upload\/C_2283\/file\/20230106\/b927b9a28a624567a8943eb4d2cd9682.jpg\" \/><\/p>\n<p>&nbsp;<\/p>","protected":false},"excerpt":{"rendered":"<div>Artikel Nr.: PN-YM-017<\/div>\n<div><\/div>\n<div>Material: TPE<\/div>\n<div><\/div>\n<div>LOGO: Kundenspezifisch<\/div>\n<div><\/div>\n<div>OEM\/ODM: Annehmbar<\/div>\n<div><\/div>\n<div>Min. Bestellung: Verhandlungsf\u00e4hig<\/div>\n<div><\/div>\n<div>Lieferf\u00e4higkeit: 10000 pro Monat<\/div>\n<div><\/div>\n<div>Kontaktieren Sie uns f\u00fcr spezifische Preisinformationen<\/div>","protected":false},"featured_media":712,"template":"","meta":[],"product_cat":[26,37],"product_tag":[1520,1428,1494,1503,1519,1411,1414],"class_list":{"0":"post-713","1":"product","2":"type-product","3":"status-publish","4":"has-post-thumbnail","6":"product_cat-yoga","7":"product_cat-yoga-mat-manufacturer","8":"product_tag-double-color-yoga-mat","9":"product_tag-durable-yoga-mat","10":"product_tag-eco-friendly-tpe-yoga-mat","11":"product_tag-high-density-yoga-mat","12":"product_tag-laser-printed-yoga-mat","13":"product_tag-non-slip-yoga-mat","14":"product_tag-printed-yoga-mat","16":"first","17":"instock","18":"shipping-taxable","19":"product-type-simple"},"_links":{"self":[{"href":"https:\/\/gofitstrength.com\/de\/wp-json\/wp\/v2\/product\/713","targetHints":{"allow":["GET"]}}],"collection":[{"href":"https:\/\/gofitstrength.com\/de\/wp-json\/wp\/v2\/product"}],"about":[{"href":"https:\/\/gofitstrength.com\/de\/wp-json\/wp\/v2\/types\/product"}],"wp:featuredmedia":[{"embeddable":true,"href":"https:\/\/gofitstrength.com\/de\/wp-json\/wp\/v2\/media\/712"}],"wp:attachment":[{"href":"https:\/\/gofitstrength.com\/de\/wp-json\/wp\/v2\/media?parent=713"}],"wp:term":[{"taxonomy":"product_cat","embeddable":true,"href":"https:\/\/gofitstrength.com\/de\/wp-json\/wp\/v2\/product_cat?post=713"},{"taxonomy":"product_tag","embeddable":true,"href":"https:\/\/gofitstrength.com\/de\/wp-json\/wp\/v2\/product_tag?post=713"}],"curies":[{"name":"wp","href":"https:\/\/api.w.org\/{rel}","templated":true}]}}