{"id":645,"date":"2024-05-31T10:26:49","date_gmt":"2024-05-31T10:26:49","guid":{"rendered":"https:\/\/gofit.laozhanzhang.com\/product\/custom-narrow-weightlifting-belt-wholesale\/"},"modified":"2024-06-30T10:58:51","modified_gmt":"2024-06-30T10:58:51","slug":"high-quality-custom-narrow-weightlifting-belt-wholesale","status":"publish","type":"product","link":"https:\/\/gofitstrength.com\/de\/produkt\/hohe-qualitat-benutzerdefinierte-schmale-gewichtheben-gurtel-groshandel\/","title":{"rendered":"Hohe Qualit\u00e4t benutzerdefinierte schmale Gewichtheben G\u00fcrtel Gro\u00dfhandel"},"content":{"rendered":"<h2 style=\"text-align: left;\"><strong>Hochwertiger, schmaler Gewichtheberg\u00fcrtel f\u00fcr hervorragendes Krafttraining<\/strong><\/h2>\n<p>&nbsp;<\/p>\n<p><span style=\"font-size: 110%;\">\u3010Premium Leder Material\u3011: Gefertigt aus hochwertigem Leder f\u00fcr au\u00dfergew\u00f6hnliche Haltbarkeit und Komfort.<\/span><br \/>\n<span style=\"font-size: 110%;\">\u3010Narrow Design\u3011: Schlankes und schmales Design sorgt f\u00fcr einen passgenauen Sitz und optimalen Halt, ohne die Bewegungsfreiheit einzuschr\u00e4nken.<\/span><br \/>\n<span style=\"font-size: 110%;\">\u3010Secure Buckle Closure\u3011: Ausgestattet mit einer robusten Schnalle f\u00fcr einfache Einstellungen und einen sicheren Sitz bei schweren Hebungen.<\/span><br \/>\n<span style=\"font-size: 110%;\">\u3010Enhanced Back Support\u3011: Bietet hervorragende Unterst\u00fctzung f\u00fcr den unteren R\u00fccken und die K\u00f6rpermitte, wodurch das Verletzungsrisiko reduziert wird.<\/span><br \/>\n<span style=\"font-size: 110%;\">\u3010Versatile Use\u3011: Ideal f\u00fcr verschiedene Krafttraining \u00dcbungen, einschlie\u00dflich Gewichtheben und Powerlifting.<\/span><br \/>\n<span style=\"font-size: 110%;\">\u3010Anpassbare Optionen\u3011: Personalisieren Sie mit Ihrem Logo oder Markennamen f\u00fcr eine professionelle Note.<\/span><br \/>\n<span style=\"font-size: 110%;\">\u3010Ergonomische Passform\u3011: Konturiertes Design sorgt f\u00fcr Komfort und Stabilit\u00e4t bei intensiven Trainingseinheiten.<\/span><br \/>\n<span style=\"font-size: 110%;\">\u3010Rust-Resistant Hardware\u3011: Rostbest\u00e4ndige Schnalle und Nieten f\u00fcr lang anhaltende Leistung.<\/span><br \/>\n<span style=\"font-size: 110%;\">\u3010Wholesale Availability\u3011: Perfekt f\u00fcr Fitnessstudios, Fitnesszentren und Einzelh\u00e4ndler, die nach Gro\u00dfabnahmeoptionen suchen.<\/span><\/p>\n<p style=\"text-align: center;\"><img decoding=\"async\" title=\"Schmaler Gewichtheberg\u00fcrtel\" src=\"https:\/\/www.wavar.com\/data\/upload\/ueditor\/20230815\/64db35c3be851.jpg\" alt=\"Schmaler Gewichtheberg\u00fcrtel\" \/><\/p>\n<p style=\"text-align: center;\"><img decoding=\"async\" title=\"Schmaler Gewichtheberg\u00fcrtel\" src=\"https:\/\/www.wavar.com\/data\/upload\/ueditor\/20230815\/64db35cbe16b1.jpg\" alt=\"Schmaler Gewichtheberg\u00fcrtel\" \/><\/p>\n<p style=\"text-align: center;\"><img decoding=\"async\" title=\"Schmaler Gewichtheberg\u00fcrtel\" src=\"https:\/\/www.wavar.com\/data\/upload\/ueditor\/20230815\/64db35d3eefa3.jpg\" alt=\"Schmaler Gewichtheberg\u00fcrtel\" \/><\/p>\n<p style=\"text-align: center;\"><img decoding=\"async\" title=\"Schmaler Gewichtheberg\u00fcrtel\" src=\"https:\/\/www.wavar.com\/data\/upload\/ueditor\/20230815\/64db35db7d6fe.jpg\" alt=\"Schmaler Gewichtheberg\u00fcrtel\" \/><\/p>","protected":false},"excerpt":{"rendered":"<div>Artikel Nr.: PN-WLB-006<\/div>\n<div><\/div>\n<div>Hauptmaterial: Rindsleder<\/div>\n<div><\/div>\n<div>Gewicht: 0,46 kg<\/div>\n<div><\/div>\n<div>Gr\u00f6\u00dfe: S\/M\/L, S\/M\/L<\/div>\n<div><\/div>\n<div>Farbe: BLACK+BROWN<\/div>\n<div><\/div>\n<div>Verpacken: PE-Beutel<\/div>","protected":false},"featured_media":644,"template":"","meta":[],"product_cat":[18,19,53],"product_tag":[287,106,284,288,289,272,290],"class_list":{"0":"post-645","1":"product","2":"type-product","3":"status-publish","4":"has-post-thumbnail","6":"product_cat-fitness","7":"product_cat-fitness-accessories","8":"product_cat-weight-lifting-belt-manufacturer","9":"product_tag-custom-weightlifting-belt","10":"product_tag-gym-equipment","11":"product_tag-high-quality-fitness-belt","12":"product_tag-narrow-weightlifting-belt","13":"product_tag-personalized-gym-gear","14":"product_tag-strength-training-belt","15":"product_tag-wholesale-fitness-accessories","17":"first","18":"instock","19":"shipping-taxable","20":"product-type-simple"},"_links":{"self":[{"href":"https:\/\/gofitstrength.com\/de\/wp-json\/wp\/v2\/product\/645","targetHints":{"allow":["GET"]}}],"collection":[{"href":"https:\/\/gofitstrength.com\/de\/wp-json\/wp\/v2\/product"}],"about":[{"href":"https:\/\/gofitstrength.com\/de\/wp-json\/wp\/v2\/types\/product"}],"wp:featuredmedia":[{"embeddable":true,"href":"https:\/\/gofitstrength.com\/de\/wp-json\/wp\/v2\/media\/644"}],"wp:attachment":[{"href":"https:\/\/gofitstrength.com\/de\/wp-json\/wp\/v2\/media?parent=645"}],"wp:term":[{"taxonomy":"product_cat","embeddable":true,"href":"https:\/\/gofitstrength.com\/de\/wp-json\/wp\/v2\/product_cat?post=645"},{"taxonomy":"product_tag","embeddable":true,"href":"https:\/\/gofitstrength.com\/de\/wp-json\/wp\/v2\/product_tag?post=645"}],"curies":[{"name":"wp","href":"https:\/\/api.w.org\/{rel}","templated":true}]}}