{"id":591,"date":"2024-05-31T10:26:21","date_gmt":"2024-05-31T10:26:21","guid":{"rendered":"https:\/\/gofit.laozhanzhang.com\/product\/sit-up-assist-bar\/"},"modified":"2024-07-06T12:10:16","modified_gmt":"2024-07-06T12:10:16","slug":"sit-up-assist-bar","status":"publish","type":"product","link":"https:\/\/gofitstrength.com\/de\/produkt\/sit-up-hilfsstange\/","title":{"rendered":"Sit-up-Hilfsstange"},"content":{"rendered":"<h2 style=\"text-align: left;\"><strong>Tragbare verstellbare Sit-up-Hilfsstange f\u00fcr das Bauchmuskeltraining im Fitnessstudio<\/strong><\/h2>\n<p>&nbsp;<\/p>\n<p><span style=\"font-size: 110%;\">\u3010Anpassbare H\u00f6he\u3011: Verf\u00fcgt \u00fcber mehrere H\u00f6heneinstellungen, um verschiedenen Trainingsbed\u00fcrfnissen und K\u00f6rpertypen gerecht zu werden.<\/span><br \/>\n<span style=\"font-size: 110%;\">\u3010Strong Suction Base\u3011: Starker Saugfu\u00df sorgt f\u00fcr Stabilit\u00e4t auf glatten B\u00f6den w\u00e4hrend des Trainings.<\/span><br \/>\n<span style=\"font-size: 110%;\">\u3010Komfortable Foam Pads\u3011: Weiche, hochverdichtete Schaumstoffpolster bieten Komfort und Unterst\u00fctzung f\u00fcr Ihre F\u00fc\u00dfe.<\/span><br \/>\n<span style=\"font-size: 110%;\">\u3010Kompakt und tragbar\u3011: Leichtes Design erm\u00f6glicht eine einfache Portabilit\u00e4t und Lagerung, perfekt f\u00fcr zu Hause oder auf Reisen.<\/span><br \/>\n<span style=\"font-size: 110%;\">\u3010Durable Construction\u3011: Hergestellt aus hochwertigen Materialien, um harte Trainingseinheiten und langfristige Nutzung zu \u00fcberstehen.<\/span><br \/>\n<span style=\"font-size: 110%;\">\u3010Versatile Use\u3011: Ideal f\u00fcr Sit-ups, Liegest\u00fctze, Planken und andere Bauch\u00fcbungen, um die Kernkraft zu verbessern.<\/span><\/p>\n<p style=\"text-align: center;\"><span style=\"font-size: 18px;\"><strong><img decoding=\"async\" title=\"Sit-up-Hilfsstange\" src=\"https:\/\/www.wavar.com\/data\/upload\/ueditor\/20230823\/64e5a2c4bfc51.jpg\" alt=\"Sit-up-Hilfsstange\" \/><\/strong><\/span><\/p>\n<p style=\"text-align: center;\"><span style=\"font-size: 18px;\"><strong><img decoding=\"async\" title=\"Sit-up-Hilfsstange\" src=\"https:\/\/www.wavar.com\/data\/upload\/ueditor\/20230823\/64e5a2cd86d6f.jpg\" alt=\"Sit-up-Hilfsstange\" \/><\/strong><\/span><\/p>\n<p style=\"text-align: center;\"><span style=\"font-size: 18px;\"><strong><img decoding=\"async\" title=\"Sit-up-Hilfsstange\" src=\"https:\/\/www.wavar.com\/data\/upload\/ueditor\/20230823\/64e5a2d4192e5.jpg\" alt=\"Sit-up-Hilfsstange\" \/><\/strong><\/span><\/p>\n<p style=\"text-align: center;\"><span style=\"font-size: 18px;\"><strong><img decoding=\"async\" title=\"Sit-up-Hilfsstange\" src=\"https:\/\/www.wavar.com\/data\/upload\/ueditor\/20230823\/64e5a2dd67d5f.jpg\" alt=\"Sit-up-Hilfsstange\" \/><\/strong><\/span><\/p>\n<p style=\"text-align: center;\"><span style=\"font-size: 18px;\"><strong><img decoding=\"async\" title=\"Sit-up-Hilfsstange\" src=\"https:\/\/www.wavar.com\/data\/upload\/ueditor\/20230823\/64e5a2e645c73.jpg\" alt=\"Sit-up-Hilfsstange\" \/><\/strong><\/span><\/p>","protected":false},"excerpt":{"rendered":"<div>Artikel Nr.: PN-OFA-007<\/div>\n<div><\/div>\n<div>Gr\u00f6\u00dfe: L25.5cm*DIA.12.5cm<\/div>\n<div><\/div>\n<div>Farbe: Rot\/Schwarz\/Blau\/Rosa<\/div>\n<div><\/div>\n<div>Material: Kaltgewalztes Stahlblech+Schaumstoff<\/div>\n<div><\/div>\n<div>Nettogewicht: 770g<\/div>\n<p>&nbsp;<\/p>","protected":false},"featured_media":590,"template":"","meta":[],"product_cat":[18,19,36],"product_tag":[1078,1080,1081,1082,968,1079,1077],"class_list":{"0":"post-591","1":"product","2":"type-product","3":"status-publish","4":"has-post-thumbnail","6":"product_cat-fitness","7":"product_cat-fitness-accessories","8":"product_cat-other-fitness-accessories","9":"product_tag-adjustable-sit-up-bar","10":"product_tag-fitness-abdominal-trainer","11":"product_tag-floor-sit-up-bar","12":"product_tag-gym-workout-tool","13":"product_tag-home-exercise-equipment","14":"product_tag-portable-sit-up-bar","15":"product_tag-sit-up-assist-bar","17":"first","18":"instock","19":"shipping-taxable","20":"product-type-simple"},"_links":{"self":[{"href":"https:\/\/gofitstrength.com\/de\/wp-json\/wp\/v2\/product\/591","targetHints":{"allow":["GET"]}}],"collection":[{"href":"https:\/\/gofitstrength.com\/de\/wp-json\/wp\/v2\/product"}],"about":[{"href":"https:\/\/gofitstrength.com\/de\/wp-json\/wp\/v2\/types\/product"}],"wp:featuredmedia":[{"embeddable":true,"href":"https:\/\/gofitstrength.com\/de\/wp-json\/wp\/v2\/media\/590"}],"wp:attachment":[{"href":"https:\/\/gofitstrength.com\/de\/wp-json\/wp\/v2\/media?parent=591"}],"wp:term":[{"taxonomy":"product_cat","embeddable":true,"href":"https:\/\/gofitstrength.com\/de\/wp-json\/wp\/v2\/product_cat?post=591"},{"taxonomy":"product_tag","embeddable":true,"href":"https:\/\/gofitstrength.com\/de\/wp-json\/wp\/v2\/product_tag?post=591"}],"curies":[{"name":"wp","href":"https:\/\/api.w.org\/{rel}","templated":true}]}}