{"id":571,"date":"2024-05-31T10:26:11","date_gmt":"2024-05-31T10:26:11","guid":{"rendered":"https:\/\/gofit.laozhanzhang.com\/product\/single-pull-up-chin-up-bar-for-door-frame\/"},"modified":"2024-07-06T12:02:01","modified_gmt":"2024-07-06T12:02:01","slug":"single-pull-up-chin-up-bar-for-door-frame","status":"publish","type":"product","link":"https:\/\/gofitstrength.com\/de\/produkt\/einzelne-klimmzugstange-fur-turrahmen\/","title":{"rendered":"Einzelne Klimmzug-\/Klinke-Stange f\u00fcr T\u00fcrrahmen"},"content":{"rendered":"<h2 style=\"text-align: left;\"><strong>Verstellbare Klimmzug-\/Klinke-Stange f\u00fcr T\u00fcrrahmen f\u00fcr effektives Heimtraining<\/strong><\/h2>\n<p>&nbsp;<\/p>\n<p><span style=\"font-size: 110%;\">\u3010Einstellbare Passform\u3011: Passt auf die meisten T\u00fcrrahmen mit verstellbaren L\u00e4ngeneinstellungen f\u00fcr einen sicheren Sitz.<\/span><br \/>\n<span style=\"font-size: 110%;\">\u3010Stabile Konstruktion\u3011: Hergestellt aus hochwertigen Materialien, um intensives Training zu unterst\u00fctzen und Haltbarkeit zu gew\u00e4hrleisten.<\/span><br \/>\n<span style=\"font-size: 110%;\">\u3010Comfort Grip\u3011: Gepolsterte Griffe sorgen f\u00fcr einen bequemen, rutschfesten Griff w\u00e4hrend der \u00dcbungen.<\/span><br \/>\n<span style=\"font-size: 110%;\">\u3010Einfache Installation\u3011: Schnell und einfach zu installieren, ohne die Notwendigkeit f\u00fcr eine dauerhafte Befestigung oder Hardware.<\/span><br \/>\n<span style=\"font-size: 110%;\">\u3010Multifunktionaler Einsatz\u3011: Ideal f\u00fcr Klimmz\u00fcge, Klimmz\u00fcge und eine Vielzahl von Oberk\u00f6rper\u00fcbungen.<\/span><br \/>\n<span style=\"font-size: 110%;\">\u3010Portables Design\u3011: Leicht und kompakt, einfach zu speichern und zu transportieren f\u00fcr das Training \u00fcberall.<\/span><\/p>\n<p style=\"text-align: center;\"><img decoding=\"async\" title=\"Einzelne Klimmzug-\/Klinke-Stange f\u00fcr T\u00fcrrahmen\" src=\"https:\/\/www.wavar.com\/data\/upload\/ueditor\/20230829\/64ed4fe1036c5.jpg\" alt=\"Einzelne Klimmzug-\/Klinke-Stange f\u00fcr T\u00fcrrahmen\" \/><\/p>\n<p style=\"text-align: center;\"><img decoding=\"async\" title=\"Einzelne Klimmzug-\/Klinke-Stange f\u00fcr T\u00fcrrahmen\" src=\"https:\/\/www.wavar.com\/data\/upload\/ueditor\/20230829\/64ed4ff4bc233.jpg\" alt=\"Einzelne Klimmzug-\/Klinke-Stange f\u00fcr T\u00fcrrahmen\" \/><\/p>\n<p style=\"text-align: center;\"><img decoding=\"async\" title=\"Einzelne Klimmzug-\/Klinke-Stange f\u00fcr T\u00fcrrahmen\" src=\"https:\/\/www.wavar.com\/data\/upload\/ueditor\/20230829\/64ed4ffcf245b.jpg\" alt=\"Einzelne Klimmzug-\/Klinke-Stange f\u00fcr T\u00fcrrahmen\" \/><\/p>\n<p style=\"text-align: center;\"><img decoding=\"async\" title=\"Einzelne Klimmzug-\/Klinke-Stange f\u00fcr T\u00fcrrahmen\" src=\"https:\/\/www.wavar.com\/data\/upload\/ueditor\/20230829\/64ed50087d718.jpg\" alt=\"Einzelne Klimmzug-\/Klinke-Stange f\u00fcr T\u00fcrrahmen\" \/><\/p>\n<p style=\"text-align: center;\"><img decoding=\"async\" title=\"Einzelne Klimmzug-\/Klinke-Stange f\u00fcr T\u00fcrrahmen\" src=\"https:\/\/www.wavar.com\/data\/upload\/ueditor\/20230829\/64ed500eb3220.jpg\" alt=\"Einzelne Klimmzug-\/Klinke-Stange f\u00fcr T\u00fcrrahmen\" \/><\/p>\n<p style=\"text-align: center;\"><img decoding=\"async\" title=\"Einzelne Klimmzug-\/Klinke-Stange f\u00fcr T\u00fcrrahmen\" src=\"https:\/\/www.wavar.com\/data\/upload\/ueditor\/20230829\/64ed5014ad4a3.jpg\" alt=\"Einzelne Klimmzug-\/Klinke-Stange f\u00fcr T\u00fcrrahmen\" \/><\/p>\n<p style=\"text-align: center;\"><img decoding=\"async\" title=\"Einzelne Klimmzug-\/Klinke-Stange f\u00fcr T\u00fcrrahmen\" src=\"https:\/\/www.wavar.com\/data\/upload\/ueditor\/20230829\/64ed501ae99cd.jpg\" alt=\"Einzelne Klimmzug-\/Klinke-Stange f\u00fcr T\u00fcrrahmen\" \/><\/p>","protected":false},"excerpt":{"rendered":"<div>Artikel Nr.: PN-OFA-005<\/div>\n<div><\/div>\n<div>Maximale Gewichtsempfehlung: 300 Pfund<\/div>\n<div><\/div>\n<div>Montageart: T\u00fcrbefestigung<\/div>\n<div><\/div>\n<div>Material: Metall<\/div>","protected":false},"featured_media":570,"template":"","meta":[],"product_cat":[18,19,36],"product_tag":[1061,1072,1073,135,1075,1074,1071],"class_list":{"0":"post-571","1":"product","2":"type-product","3":"status-publish","4":"has-post-thumbnail","6":"product_cat-fitness","7":"product_cat-fitness-accessories","8":"product_cat-other-fitness-accessories","9":"product_tag-adjustable-pull-up-bar","10":"product_tag-chin-up-bar","11":"product_tag-door-frame-pull-up-bar","12":"product_tag-exercise-equipment","13":"product_tag-fitness-pull-up-bar","14":"product_tag-home-workout-pull-up-bar","15":"product_tag-single-pull-up-bar","17":"first","18":"instock","19":"shipping-taxable","20":"product-type-simple"},"_links":{"self":[{"href":"https:\/\/gofitstrength.com\/de\/wp-json\/wp\/v2\/product\/571","targetHints":{"allow":["GET"]}}],"collection":[{"href":"https:\/\/gofitstrength.com\/de\/wp-json\/wp\/v2\/product"}],"about":[{"href":"https:\/\/gofitstrength.com\/de\/wp-json\/wp\/v2\/types\/product"}],"wp:featuredmedia":[{"embeddable":true,"href":"https:\/\/gofitstrength.com\/de\/wp-json\/wp\/v2\/media\/570"}],"wp:attachment":[{"href":"https:\/\/gofitstrength.com\/de\/wp-json\/wp\/v2\/media?parent=571"}],"wp:term":[{"taxonomy":"product_cat","embeddable":true,"href":"https:\/\/gofitstrength.com\/de\/wp-json\/wp\/v2\/product_cat?post=571"},{"taxonomy":"product_tag","embeddable":true,"href":"https:\/\/gofitstrength.com\/de\/wp-json\/wp\/v2\/product_tag?post=571"}],"curies":[{"name":"wp","href":"https:\/\/api.w.org\/{rel}","templated":true}]}}