{"id":1567,"date":"2024-05-31T10:34:58","date_gmt":"2024-05-31T10:34:58","guid":{"rendered":"https:\/\/gofit.laozhanzhang.com\/product\/cinch-buckle-yoga-strap\/"},"modified":"2024-07-07T13:05:04","modified_gmt":"2024-07-07T13:05:04","slug":"cinch-buckle-yoga-strap","status":"publish","type":"product","link":"https:\/\/gofitstrength.com\/de\/produkt\/cinch-buckle-yoga-strap\/","title":{"rendered":"Cinch Buckle Yoga Strap"},"content":{"rendered":"<h2 style=\"text-align: left;\"><span style=\"color: #282828;\"><strong>Durable Cinch Buckle Yoga Strap for Enhanced Flexibility and Stretching<\/strong><\/span><\/h2>\n<p style=\"white-space: normal;\">\n<h3 style=\"white-space: normal;\"><strong>Spezifikation:<\/strong><\/h3>\n<table width=\"-830\" data-sort=\"sortDisabled\">\n<tbody>\n<tr>\n<td style=\"word-break: break-all;\" valign=\"top\" width=\"394\">Item No: PN-YS-002<\/td>\n<td style=\"word-break: break-all;\" valign=\"top\" width=\"394\">OEM\/ODM: Annehmbar<\/td>\n<\/tr>\n<tr>\n<td style=\"word-break: break-all;\" valign=\"top\" width=\"394\">Material: Cotton<\/td>\n<td style=\"word-break: break-all;\" valign=\"top\" width=\"394\">Herkunft: China<\/td>\n<\/tr>\n<tr>\n<td style=\"word-break: break-all;\" valign=\"top\" width=\"394\">Size: 3.8*183cm<\/td>\n<td style=\"word-break: break-all;\" valign=\"top\" width=\"394\">Logo: Kundenspezifisches Logo verf\u00fcgbar<\/td>\n<\/tr>\n<tr>\n<td style=\"word-break: break-all;\" valign=\"top\" width=\"394\">Color: red, yellow, black, blue,purple, green, pink<\/td>\n<td style=\"word-break: break-all;\" valign=\"top\" width=\"394\">Art: Fitness\/Yoga<\/td>\n<\/tr>\n<tr>\n<td style=\"word-break: break-all;\" valign=\"top\" width=\"394\">Weight: 60g<\/td>\n<td style=\"word-break: break-all;\" valign=\"top\" width=\"394\">Packing: 1pc\/polybag, 200pcs\/carton,<br style=\"white-space: normal;\" \/>carton size: 40*35*40cm,<br style=\"white-space: normal;\" \/>G.W.: 13kg<\/td>\n<\/tr>\n<\/tbody>\n<\/table>\n<p style=\"white-space: normal;\">\n<p style=\"white-space: normal;\"><span style=\"font-size: 110%;\">\u3010Adjustable Cinch Buckle\u3011: Features a cinch buckle design for easy adjustment and secure fastening.<\/span><br \/>\n<span style=\"font-size: 110%;\">\u3010Multi-purpose Use\u3011: Ideal f\u00fcr Yoga, Pilates, Stretching, Physiotherapie und allgemeine Fitness-Routinen.<\/span><br \/>\n<span style=\"font-size: 110%;\">\u3010Durable Material\u3011: Hergestellt aus hochwertigem, haltbarem Baumwollgewebe, um regelm\u00e4\u00dfigen Gebrauch und Dehnungs\u00fcbungen zu widerstehen.<\/span><br \/>\n<span style=\"font-size: 110%;\">\u3010Enhanced Flexibility\u3011: Verbessert die Flexibilit\u00e4t, den Bewegungsumfang und die allgemeine Mobilit\u00e4t durch verschiedene Dehnungs\u00fcbungen.<\/span><br \/>\n<span style=\"font-size: 110%;\">\u3010Comfortable Grip\u3011: Soft and comfortable fabric with secure buckle for a firm grip during exercises.<\/span><br \/>\n<span style=\"font-size: 110%;\">\u3010Portable and Lightweight\u3011: Leichtes Design macht es einfach zu tragen und \u00fcberall zu verwenden, perfekt f\u00fcr zu Hause, Studio oder Reisen verwenden.<\/span><br \/>\n<span style=\"font-size: 110%;\">\u3010Vielf\u00e4ltige Farben\u3011: Erh\u00e4ltlich in mehreren Farben, um pers\u00f6nlichen Vorlieben oder Studiothemen zu entsprechen.<\/span><\/p>","protected":false},"excerpt":{"rendered":"<p>Item No: PN-YS-002<br \/>\nMaterial: polypropylene fiber<\/p>","protected":false},"featured_media":1566,"template":"","meta":[],"product_cat":[26,73],"product_tag":[1367,1381,1372,1369,1371,1370,1255],"class_list":{"0":"post-1567","1":"product","2":"type-product","3":"status-publish","4":"has-post-thumbnail","6":"product_cat-yoga","7":"product_cat-yoga-strap-manufacturer","8":"product_tag-adjustable-yoga-strap","9":"product_tag-cinch-buckle-yoga-strap","10":"product_tag-durable-yoga-strap","11":"product_tag-fitness-strap","12":"product_tag-pilates-strap","13":"product_tag-stretching-strap","14":"product_tag-yoga-prop","16":"first","17":"instock","18":"shipping-taxable","19":"product-type-simple"},"_links":{"self":[{"href":"https:\/\/gofitstrength.com\/de\/wp-json\/wp\/v2\/product\/1567","targetHints":{"allow":["GET"]}}],"collection":[{"href":"https:\/\/gofitstrength.com\/de\/wp-json\/wp\/v2\/product"}],"about":[{"href":"https:\/\/gofitstrength.com\/de\/wp-json\/wp\/v2\/types\/product"}],"wp:featuredmedia":[{"embeddable":true,"href":"https:\/\/gofitstrength.com\/de\/wp-json\/wp\/v2\/media\/1566"}],"wp:attachment":[{"href":"https:\/\/gofitstrength.com\/de\/wp-json\/wp\/v2\/media?parent=1567"}],"wp:term":[{"taxonomy":"product_cat","embeddable":true,"href":"https:\/\/gofitstrength.com\/de\/wp-json\/wp\/v2\/product_cat?post=1567"},{"taxonomy":"product_tag","embeddable":true,"href":"https:\/\/gofitstrength.com\/de\/wp-json\/wp\/v2\/product_tag?post=1567"}],"curies":[{"name":"wp","href":"https:\/\/api.w.org\/{rel}","templated":true}]}}