{"id":1521,"date":"2024-05-31T10:34:35","date_gmt":"2024-05-31T10:34:35","guid":{"rendered":"https:\/\/gofit.laozhanzhang.com\/product\/pvc-coated-color-cast-iron-bone-shape-dumbbell-for-ladies\/"},"modified":"2024-07-10T05:36:09","modified_gmt":"2024-07-10T05:36:09","slug":"pvc-coated-color-cast-iron-bone-shape-dumbbell-for-ladies","status":"publish","type":"product","link":"https:\/\/gofitstrength.com\/de\/produkt\/pvc-beschichtet-farbe-gusseisen-knochen-form-hantel-fur-damen\/","title":{"rendered":"Hochwertige PVC-beschichtete Farbe Gusseisen Knochen Form Hantel"},"content":{"rendered":"<h2><span style=\"color: #282828;\"><strong>Hochwertige PVC-beschichtete Farbe Gusseisen Knochenform Hantel f\u00fcr Damen - Ideal f\u00fcr Krafttraining und Home Workouts<\/strong><\/span><\/h2>\n<p><span style=\"font-size: 110%;\">\u3010Hochwertiges Material\u3011: Hergestellt aus hochwertigem Gusseisen mit einer dauerhaften PVC-Beschichtung, die eine lange Lebensdauer und einen bequemen Griff gew\u00e4hrleistet.<\/span><br \/>\n<span style=\"font-size: 110%;\">\u3010Unique Bone Shape Design\u3011: Verf\u00fcgt \u00fcber ein einzigartiges knochenf\u00f6rmiges Design, das nicht nur stilvoll, sondern auch funktional ist und einen ergonomischen und bequemen Griff bietet.<\/span><br \/>\n<span style=\"font-size: 110%;\">\u3010Non-Slip Grip\u3011: Die PVC-Beschichtung bietet eine weiche, rutschfeste Oberfl\u00e4che, die auch bei intensivem Training einen sicheren Halt gew\u00e4hrleistet.<\/span><br \/>\n<span style=\"font-size: 110%;\">\u3010Color-Coded Weights\u3011: Jede Hantel ist farbcodiert nach Gewicht f\u00fcr einfache Identifizierung und schnelle Auswahl, so dass Ihr Training effizienter wird.<\/span><br \/>\n<span style=\"font-size: 110%;\">\u3010Versatile Usage\u3011: Ideal f\u00fcr eine breite Palette von \u00dcbungen, einschlie\u00dflich Krafttraining, Muskeltraining, Aerobic-Workouts und Physiotherapie, geeignet f\u00fcr alle Fitness-Levels.<\/span><br \/>\n<span style=\"font-size: 110%;\">\u3010Kompakt und leicht\u3011: Entworfen, um kompakt und leicht zu sein, sind diese Hanteln einfach zu handhaben, zu lagern und zu transportieren, perfekt f\u00fcr den Einsatz zu Hause und im Fitnessstudio.<\/span><br \/>\n<span style=\"font-size: 110%;\">\u3010Easy to Clean\u3011: Die glatte PVC-Oberfl\u00e4che ist leicht zu reinigen und zu pflegen, was die Hygiene und Langlebigkeit der Hanteln gew\u00e4hrleistet.<\/span><br \/>\n<span style=\"font-size: 110%;\">\u3010Durable Construction\u3011: Gebaut aus hochwertigem Gusseisen und verst\u00e4rkt mit einer haltbaren PVC-Beschichtung, sind diese Hanteln so konzipiert, dass sie h\u00e4ufigen Gebrauch ohne Schaden \u00fcberstehen.<\/span><br \/>\n<span style=\"font-size: 110%;\">\u3010Sch\u00fctzt Fu\u00dfb\u00f6den\u3011: Die PVC-Beschichtung erh\u00f6ht nicht nur die Haltbarkeit, sondern sch\u00fctzt auch Ihre B\u00f6den vor Kratzern und Sch\u00e4den, wenn die Gewichte abgesetzt werden.<\/span><br \/>\n<span style=\"font-size: 110%;\">\u3010Ideal f\u00fcr Damen\u3011: Speziell f\u00fcr die Fitnessbed\u00fcrfnisse von Frauen entwickelt, bietet eine Reihe von Gewichten, die f\u00fcr verschiedene \u00dcbungen und Fitnessniveaus geeignet sind.<\/span><\/p>\n<p style=\"white-space: normal;\"><img decoding=\"async\" title=\"PVC beschichtet Farbe Gusseisen Knochen Form Hantel f\u00fcr Damen\" src=\"https:\/\/www.wavar.com\/data\/upload\/ueditor\/20230715\/64b25830702c1.jpg\" alt=\"PVC beschichtet Farbe Gusseisen Knochen Form Hantel f\u00fcr Damen\" \/><\/p>\n<p style=\"white-space: normal;\"><img decoding=\"async\" title=\"PVC beschichtet Farbe Gusseisen Knochen Form Hantel f\u00fcr Damen\" src=\"https:\/\/www.wavar.com\/data\/upload\/ueditor\/20230715\/64b2585c1b61a.jpg\" alt=\"PVC beschichtet Farbe Gusseisen Knochen Form Hantel f\u00fcr Damen\" \/><\/p>\n<p>&nbsp;<\/p>\n<p><img decoding=\"async\" title=\"Bone Shape Kurzhantel f\u00fcr Damen\" src=\"https:\/\/www.wavar.com\/data\/upload\/ueditor\/20210623\/60d2d491144eb.jpg\" alt=\"Bone Shape Kurzhantel f\u00fcr Damen\" width=\"\" height=\"\" border=\"0\" vspace=\"0\" \/><\/p>\n<p>&nbsp;<\/p>\n<p>&nbsp;<\/p>\n<p><img decoding=\"async\" title=\"PVC beschichtet Farbe Gusseisen Knochen Form Hantel f\u00fcr Damen\" src=\"https:\/\/www.wavar.com\/data\/upload\/ueditor\/20230715\/64b259ef5d7fe.jpg\" alt=\"PVC beschichtet Farbe Gusseisen Knochen Form Hantel f\u00fcr Damen\" \/><\/p>\n<p>&nbsp;<\/p>\n<p>&nbsp;<\/p>\n<p><img decoding=\"async\" title=\"PVC Cast Iron Bone Shape Kurzhantel f\u00fcr Damen\" src=\"https:\/\/www.wavar.com\/data\/upload\/ueditor\/20210623\/60d2d4ba5a4d2.jpg\" alt=\"PVC Cast Iron Bone Shape Kurzhantel f\u00fcr Damen\" width=\"\" height=\"\" border=\"0\" vspace=\"0\" \/><\/p>\n<p style=\"white-space: normal;\"><img decoding=\"async\" title=\"PVC beschichtet Farbe Gusseisen Knochen Form Hantel f\u00fcr Damen\" src=\"https:\/\/www.wavar.com\/data\/upload\/ueditor\/20230715\/64b25915c086f.jpg\" alt=\"PVC beschichtet Farbe Gusseisen Knochen Form Hantel f\u00fcr Damen\" \/><\/p>\n<p>&nbsp;<\/p>","protected":false},"excerpt":{"rendered":"<p>Artikel Nr.: PN-DB-010<br \/>\nMaterial: Gusseisen &amp; PVC beschichtet<br \/>\nOEM\/ODM: Annehmbar<\/p>","protected":false},"featured_media":1520,"template":"","meta":[],"product_cat":[40,18,38,41],"product_tag":[2171,2170,2156,91,2172,90,2169,89],"class_list":{"0":"post-1521","1":"product","2":"type-product","3":"status-publish","4":"has-post-thumbnail","6":"product_cat-dumbbells-manufacturer","7":"product_cat-fitness","8":"product_cat-free-weights","9":"product_cat-women-dumbbell","10":"product_tag-bone-shape-dumbbell","11":"product_tag-color-cast-iron-dumbbell","12":"product_tag-fitness-dumbbells","13":"product_tag-home-gym-equipment","14":"product_tag-ladies-exercise-weights","15":"product_tag-non-slip-dumbbells","16":"product_tag-pvc-coated-dumbbell","17":"product_tag-strength-training-dumbbells","19":"first","20":"instock","21":"shipping-taxable","22":"product-type-simple"},"_links":{"self":[{"href":"https:\/\/gofitstrength.com\/de\/wp-json\/wp\/v2\/product\/1521","targetHints":{"allow":["GET"]}}],"collection":[{"href":"https:\/\/gofitstrength.com\/de\/wp-json\/wp\/v2\/product"}],"about":[{"href":"https:\/\/gofitstrength.com\/de\/wp-json\/wp\/v2\/types\/product"}],"wp:featuredmedia":[{"embeddable":true,"href":"https:\/\/gofitstrength.com\/de\/wp-json\/wp\/v2\/media\/1520"}],"wp:attachment":[{"href":"https:\/\/gofitstrength.com\/de\/wp-json\/wp\/v2\/media?parent=1521"}],"wp:term":[{"taxonomy":"product_cat","embeddable":true,"href":"https:\/\/gofitstrength.com\/de\/wp-json\/wp\/v2\/product_cat?post=1521"},{"taxonomy":"product_tag","embeddable":true,"href":"https:\/\/gofitstrength.com\/de\/wp-json\/wp\/v2\/product_tag?post=1521"}],"curies":[{"name":"wp","href":"https:\/\/api.w.org\/{rel}","templated":true}]}}