{"id":1501,"date":"2024-05-31T10:34:25","date_gmt":"2024-05-31T10:34:25","guid":{"rendered":"https:\/\/gofit.laozhanzhang.com\/product\/black-seven-holes-rubber-coated-barbell-weight-plate\/"},"modified":"2024-07-10T14:38:33","modified_gmt":"2024-07-10T14:38:33","slug":"black-seven-holes-rubber-coated-barbell-weight-plate","status":"publish","type":"product","link":"https:\/\/gofitstrength.com\/de\/produkt\/schwarze-sieben-locher-gummibeschichtete-langhantel-hantelscheibe\/","title":{"rendered":"Premium Schwarz Sieben L\u00f6cher Gummi beschichtet Barbell Gewicht Platte"},"content":{"rendered":"<h2 style=\"white-space: normal; text-align: left;\"><span style=\"color: #282828;\"><strong>Premium Black Seven Holes Rubber Coated Barbell Weight Plate f\u00fcr Krafttraining und Home Gym<\/strong><\/span><\/h2>\n<p style=\"white-space: normal;\">\n<p><span style=\"font-size: 110%;\">\u3010Hochqualitative Konstruktion\u3011: Aus hochdichtem Gummi gefertigt, sind diese Hantelscheiben so gebaut, dass sie intensiver und wiederholter Nutzung standhalten und eine lange Haltbarkeit gew\u00e4hrleisten.<\/span><br \/>\n<span style=\"font-size: 110%;\">\u3010Seven Holes Design\u3011: Einzigartiges Design mit sieben L\u00f6chern sorgt f\u00fcr einfachen Griff und Handhabung, so dass es bequem ist, Platten von der Langhantel zu laden und zu entladen.<\/span><br \/>\n<span style=\"font-size: 110%;\">\u3010Olympischer Standard\u3011: Diese Platten entsprechen dem olympischen Standard mit einem 2-Zoll-Durchmesser des Mittellochs, was die Kompatibilit\u00e4t mit allen Standard-Olympiahanteln gew\u00e4hrleistet.<\/span><br \/>\n<span style=\"font-size: 110%;\">\u3010Rubber Coating\u3011: Die Gummibeschichtung sch\u00fctzt Ihre B\u00f6den und Ger\u00e4te vor Besch\u00e4digungen und reduziert die Ger\u00e4usche beim Fallenlassen, perfekt f\u00fcr Fitnessstudios zu Hause.<\/span><br \/>\n<span style=\"font-size: 110%;\">\u3010Non-Slip Surface\u3011: Die strukturierte Oberfl\u00e4che bietet einen sicheren Halt, verhindert ein Ausrutschen und sorgt f\u00fcr Sicherheit beim Training.<\/span><br \/>\n<span style=\"font-size: 110%;\">\u3010Klare Gewichtsmarkierungen\u3011: Jede Platte verf\u00fcgt \u00fcber klare und leicht zu lesende Gewichtsmarkierungen in Kilogramm (KG) f\u00fcr eine schnelle Auswahl und Identifizierung.<\/span><br \/>\n<span style=\"font-size: 110%;\">\u3010Versatile Usage\u3011: Geeignet f\u00fcr verschiedene Krafttrainings\u00fcbungen wie Kniebeugen, Kreuzheben, Bankdr\u00fccken und mehr.<\/span><br \/>\n<span style=\"font-size: 110%;\">\u3010Sicher und leise\u3011: Die Gummikonstruktion minimiert den L\u00e4rm und reduziert das Risiko von Sch\u00e4den an B\u00f6den und Ger\u00e4ten.<\/span><br \/>\n<span style=\"font-size: 110%;\">\u3010Easy to Maintain\u3011: Die glatte, porenfreie Oberfl\u00e4che ist leicht zu reinigen und zu pflegen und gew\u00e4hrleistet Hygiene und Langlebigkeit.<\/span><br \/>\n<span style=\"font-size: 110%;\">\u3010\u00c4sthetisches Erscheinungsbild\u3011: Das schlichte schwarze Design verleiht jedem Fitnessstudio oder Heimstudio einen professionellen Look.<\/span><\/p>\n<h3 style=\"white-space: normal;\"><\/h3>\n<h3 style=\"white-space: normal; margin-bottom: 5px;\"><span style=\"font-size: 20px;\"><strong>Spezifikation:\u00a0<\/strong><\/span><\/h3>\n<table cellspacing=\"0\">\n<tbody>\n<tr>\n<td style=\"word-break: break-all;\">Artikel Nr.: PN-BP-002<\/td>\n<td style=\"word-break: break-all;\">Material: Gummibeschichtung + Gusseisenkern<\/td>\n<\/tr>\n<tr>\n<td style=\"word-break: break-all;\">Farbe: Anpassbar<\/td>\n<td style=\"word-break: break-all;\">Min. Bestellung: Verhandlungsf\u00e4hig<\/td>\n<\/tr>\n<tr>\n<td style=\"word-break: break-all;\">Verpackung: Kundenspezifisch<\/td>\n<td style=\"word-break: break-all;\">Hafen: Shanghai, Ningbo, Shenzhen, etc.<\/td>\n<\/tr>\n<tr>\n<td style=\"word-break: break-all;\">Markenname: Gofitstrength<\/td>\n<td style=\"word-break: break-all;\">Grafik: Benutzerdefiniert<\/td>\n<\/tr>\n<tr>\n<td style=\"word-break: break-all;\">Lieferzeit: verhandelbar<\/td>\n<td style=\"word-break: break-all;\">Logo:<span style=\"background-color: #edf5fa;\">\u00a0<\/span>Kundenspezifisch<\/td>\n<\/tr>\n<\/tbody>\n<\/table>\n<p style=\"white-space: normal;\">\n<p style=\"white-space: normal;\">\n<p style=\"white-space: normal;\">","protected":false},"excerpt":{"rendered":"<p>Artikel Nr.: PN-BP-002<\/p>\n<p>Material: Gummibeschichtung + Gusseisenkern<\/p>\n<p>Gewicht: 5\/10\/15\/20\/25kg oder individuell<\/p>\n<p>OEM\/ODM: Annehmbar<\/p>","protected":false},"featured_media":4736,"template":"","meta":[],"product_cat":[64,18,38],"product_tag":[2381,2384,91,2385,2386,2383,2382,437],"class_list":{"0":"post-1501","1":"product","2":"type-product","3":"status-publish","4":"has-post-thumbnail","6":"product_cat-barbell-plates-manufacturer","7":"product_cat-fitness","8":"product_cat-free-weights","9":"product_tag-black-weight-plate","10":"product_tag-durable-barbell-plate","11":"product_tag-home-gym-equipment","12":"product_tag-non-slip-weight-plate","13":"product_tag-olympic-barbell-plate","14":"product_tag-rubber-coated-weight-plate","15":"product_tag-seven-holes-barbell-plate","16":"product_tag-strength-training-equipment","18":"first","19":"instock","20":"shipping-taxable","21":"product-type-simple"},"_links":{"self":[{"href":"https:\/\/gofitstrength.com\/de\/wp-json\/wp\/v2\/product\/1501","targetHints":{"allow":["GET"]}}],"collection":[{"href":"https:\/\/gofitstrength.com\/de\/wp-json\/wp\/v2\/product"}],"about":[{"href":"https:\/\/gofitstrength.com\/de\/wp-json\/wp\/v2\/types\/product"}],"wp:featuredmedia":[{"embeddable":true,"href":"https:\/\/gofitstrength.com\/de\/wp-json\/wp\/v2\/media\/4736"}],"wp:attachment":[{"href":"https:\/\/gofitstrength.com\/de\/wp-json\/wp\/v2\/media?parent=1501"}],"wp:term":[{"taxonomy":"product_cat","embeddable":true,"href":"https:\/\/gofitstrength.com\/de\/wp-json\/wp\/v2\/product_cat?post=1501"},{"taxonomy":"product_tag","embeddable":true,"href":"https:\/\/gofitstrength.com\/de\/wp-json\/wp\/v2\/product_tag?post=1501"}],"curies":[{"name":"wp","href":"https:\/\/api.w.org\/{rel}","templated":true}]}}