{"id":1499,"date":"2024-05-31T10:34:24","date_gmt":"2024-05-31T10:34:24","guid":{"rendered":"https:\/\/gofit.laozhanzhang.com\/product\/eva-grid-roller-with-spinal\/"},"modified":"2024-07-08T14:45:54","modified_gmt":"2024-07-08T14:45:54","slug":"eva-grid-roller-with-spinal","status":"publish","type":"product","link":"https:\/\/gofitstrength.com\/de\/produkt\/eva-grid-roller-with-spinal\/","title":{"rendered":"EVA-Gitterrolle mit Wirbels\u00e4ule"},"content":{"rendered":"<h2 style=\"white-space: normal; text-align: left;\"><span style=\"color: #282828;\"><strong>High-Density EVA Foam Grid Roller with Spinal Channel for Targeted Deep Tissue Massage and Muscle Relief<\/strong><\/span><\/h2>\n<p style=\"margin-top: 0px; margin-bottom: 0px; white-space: normal; padding: 0px; line-height: 30px; min-height: 30px; color: #666666; font-family: Poppins-Regular, arial, helvetica, sans-serif;\"><span style=\"margin: 0px; padding: 0px; font-size: 20px; line-height: 30px;\"><strong style=\"margin: 0px; padding: 0px;\">\u00a0<\/strong><\/span><\/p>\n<h3><strong>Beschreibung des Produkts<\/strong><\/h3>\n<p>&nbsp;<\/p>\n<table cellspacing=\"0\">\n<tbody>\n<tr>\n<td style=\"word-break: break-all;\">Dimensions(Length*Diameter)<\/td>\n<td style=\"word-break: break-all;\">12.75 * 5.5 inch(32.3*14cm) or customized<\/td>\n<\/tr>\n<tr>\n<td style=\"word-break: break-all;\" colspan=\"1\" rowspan=\"1\">Color\/Logo\/Package<\/td>\n<td style=\"word-break: break-all;\" colspan=\"1\" rowspan=\"1\">Customized Available<\/td>\n<\/tr>\n<\/tbody>\n<\/table>\n<p>&nbsp;<\/p>\n<p><span style=\"font-size: 110%;\">\u3010Grid Texture Design\u3011: Features a grid texture design that mimics a massage therapist&#8217;s hands, providing an effective deep tissue massage.<\/span><br \/>\n<span style=\"font-size: 110%;\">\u3010Spinal Channel\u3011: Specially designed spinal channel protects and targets the spine while massaging surrounding muscles.<\/span><br \/>\n<span style=\"font-size: 110%;\">\u3010High-Density EVA Foam\u3011: Constructed from high-density EVA foam, offering firm support and effective muscle relief.<\/span><br \/>\n<span style=\"font-size: 110%;\">\u3010Dauerhafter PVC-Kern\u3011: Verst\u00e4rkt mit einem PVC-Rohr f\u00fcr zus\u00e4tzliche Haltbarkeit und Stabilit\u00e4t, um eine langfristige Leistung zu gew\u00e4hrleisten.<\/span><br \/>\n<span style=\"font-size: 110%;\">\u3010Leicht und tragbar\u3011: Kompakt und leicht zu tragen, ideal f\u00fcr den Einsatz zu Hause, im Fitnessstudio oder unterwegs.<\/span><br \/>\n<span style=\"font-size: 110%;\">\u3010Versatile Application\u3011: Geeignet f\u00fcr Yoga, Pilates, Physiotherapie, und verschiedene Fitness-Routinen.<\/span><br \/>\n<span style=\"font-size: 110%;\">\u3010Deep Tissue Massage\u3011: Ergonomisch gestaltet, um Muskelverspannungen zu l\u00f6sen und die Durchblutung und Erholung zu f\u00f6rdern.<\/span><br \/>\n<span style=\"font-size: 110%;\">\u3010Easy to Clean\u3011: Die nicht por\u00f6se Oberfl\u00e4che erm\u00f6glicht eine problemlose Reinigung und Wartung.<\/span><br \/>\n<span style=\"font-size: 110%;\">\u3010Multiple Color Options\u3011: Erh\u00e4ltlich in verschiedenen Farben, um pers\u00f6nlichen Vorlieben oder der \u00c4sthetik des Fitnessstudios zu entsprechen.<\/span><\/p>\n<p>&nbsp;<\/p>\n<p><img decoding=\"async\" title=\"Custom Color Size Logo Gym Round EVA Mace Yoga Foam Roller Set with Spinal\" src=\"https:\/\/www.wavar.com\/data\/upload\/ueditor\/20210719\/60f54d34a43e6.jpg\" alt=\"Custom Color Size Logo Gym Round EVA Mace Yoga Foam Roller Set with Spinal\" \/><\/p>\n<p><img decoding=\"async\" title=\"Custom Color Size Logo Gym Round EVA Mace Yoga Foam Roller Set with Spinal\" src=\"https:\/\/www.wavar.com\/data\/upload\/ueditor\/20210719\/60f54d5070d0c.jpg\" alt=\"Custom Color Size Logo Gym Round EVA Mace Yoga Foam Roller Set with Spinal\" \/><\/p>\n<p>&nbsp;<\/p>\n<p>&nbsp;<\/p>","protected":false},"excerpt":{"rendered":"<div>Item No.: PN-FR-010<\/div>\n<div><\/div>\n<div>Material: EVA+ABS<\/div>\n<div><\/div>\n<div>OEM\/ODM: Accepted<\/div>\n<p>&nbsp;<\/p>","protected":false},"featured_media":1498,"template":"","meta":[],"product_cat":[29,26],"product_tag":[1594,1627,1632,102,1599,1628,1601,1631,1629,1584],"class_list":{"0":"post-1499","1":"product","2":"type-product","3":"status-publish","4":"has-post-thumbnail","6":"product_cat-foam-roller-manufacturer","7":"product_cat-yoga","8":"product_tag-deep-tissue-massage-roller","9":"product_tag-durable-foam-roller","10":"product_tag-eva-grid-roller-with-spinal","11":"product_tag-fitness-roller","12":"product_tag-high-density-foam-roller","13":"product_tag-lightweight-foam-roller","14":"product_tag-muscle-recovery-roller","15":"product_tag-textured-foam-roller","16":"product_tag-wholesale-eva-foam-roller","17":"product_tag-yoga-foam-roller","19":"first","20":"instock","21":"shipping-taxable","22":"product-type-simple"},"_links":{"self":[{"href":"https:\/\/gofitstrength.com\/de\/wp-json\/wp\/v2\/product\/1499","targetHints":{"allow":["GET"]}}],"collection":[{"href":"https:\/\/gofitstrength.com\/de\/wp-json\/wp\/v2\/product"}],"about":[{"href":"https:\/\/gofitstrength.com\/de\/wp-json\/wp\/v2\/types\/product"}],"wp:featuredmedia":[{"embeddable":true,"href":"https:\/\/gofitstrength.com\/de\/wp-json\/wp\/v2\/media\/1498"}],"wp:attachment":[{"href":"https:\/\/gofitstrength.com\/de\/wp-json\/wp\/v2\/media?parent=1499"}],"wp:term":[{"taxonomy":"product_cat","embeddable":true,"href":"https:\/\/gofitstrength.com\/de\/wp-json\/wp\/v2\/product_cat?post=1499"},{"taxonomy":"product_tag","embeddable":true,"href":"https:\/\/gofitstrength.com\/de\/wp-json\/wp\/v2\/product_tag?post=1499"}],"curies":[{"name":"wp","href":"https:\/\/api.w.org\/{rel}","templated":true}]}}