{"id":1383,"date":"2024-05-31T10:33:24","date_gmt":"2024-05-31T10:33:24","guid":{"rendered":"https:\/\/gofit.laozhanzhang.com\/product\/standing-table-punching-bag-with-suction-cup\/"},"modified":"2024-07-06T06:11:09","modified_gmt":"2024-07-06T06:11:09","slug":"standing-table-punching-bag-with-suction-cup","status":"publish","type":"product","link":"https:\/\/gofitstrength.com\/de\/produkt\/stehtisch-boxsack-mit-saugnapf\/","title":{"rendered":"Stehtisch-Boxsack mit Saugnapf"},"content":{"rendered":"<h2 style=\"margin-top: 0px; white-space: normal; padding: 0px; color: #666666; font-family: Poppins-Regular, arial, helvetica, sans-serif; text-align: left;\"><strong>Verstellbarer Standing Tabletop Boxsack mit Saugfu\u00df f\u00fcr B\u00fcro Stressabbau und Fitness Training<\/strong><\/h2>\n<h3 style=\"white-space: normal;\"><strong>Spezifikation:<\/strong><\/h3>\n<p style=\"white-space: normal;\">\n<table>\n<tbody>\n<tr>\n<td style=\"word-break: break-all;\" valign=\"top\" width=\"438\" height=\"2\">Artikel Nr.: PN-PB-008<\/td>\n<td style=\"word-break: break-all;\" valign=\"top\" width=\"436\" height=\"2\">Herkunft: China<\/td>\n<\/tr>\n<tr>\n<td style=\"word-break: break-all;\" valign=\"top\" width=\"438\">Material: PU-Leder + Stahlfeder<\/td>\n<td style=\"word-break: break-all;\" valign=\"top\" width=\"436\">OEM\/ODM: Annehmbar<\/td>\n<\/tr>\n<tr>\n<td style=\"word-break: break-all;\" valign=\"top\" width=\"438\">Farbe: Kundenspezifisch<\/td>\n<td style=\"word-break: break-all;\" valign=\"top\" width=\"436\">Logo: Kundenspezifisch<\/td>\n<\/tr>\n<tr>\n<td style=\"word-break: break-all;\" valign=\"top\" width=\"438\">Funktion: Gewichtheben, Krafttraining, Core-Training<\/td>\n<td style=\"word-break: break-all;\" valign=\"top\" width=\"436\">Verpacken: Poly Bag+Carton oder kundenspezifisch<\/td>\n<\/tr>\n<\/tbody>\n<\/table>\n<p style=\"white-space: normal;\">\n<p style=\"white-space: normal;\"><span style=\"font-size: 110%;\">\u3010Saugnapf-Basis\u3011: Starke Saugnapf-Basis bietet Stabilit\u00e4t auf jeder flachen Oberfl\u00e4che.<\/span><br \/>\n<span style=\"font-size: 110%;\">\u3010Einstellbare H\u00f6he\u3011: Leicht einstellbare H\u00f6he f\u00fcr verschiedene Benutzer und Schreibtischkonfigurationen.<\/span><br \/>\n<span style=\"font-size: 110%;\">\u3010Durable Construction\u3011: Hergestellt aus hochwertigen Materialien f\u00fcr eine lange Lebensdauer.<\/span><br \/>\n<span style=\"font-size: 110%;\">\u3010Kompaktes Design\u3011: Platzsparendes Design, ideal f\u00fcr Schreibtische, Tische und Arbeitsstationen.<\/span><br \/>\n<span style=\"font-size: 110%;\">\u3010Stress Relief\u3011: Perfekt f\u00fcr den Abbau von Stress und Spannungen w\u00e4hrend der Pausen bei der Arbeit.<\/span><br \/>\n<span style=\"font-size: 110%;\">\u3010Easy Assembly\u3011: Schnell und einfach einzurichten, in wenigen Minuten einsatzbereit.<\/span><br \/>\n<span style=\"font-size: 110%;\">\u3010Portabel\u3011: Leicht und tragbar, so dass es einfach zu bewegen und zu speichern.<\/span><\/p>","protected":false},"excerpt":{"rendered":"<div>Artikel Nr.: PN-PB-008<\/div>\n<div><\/div>\n<div>Material: PU-Leder + Stahlfeder<\/div>\n<div><\/div>\n<div>Gr\u00f6\u00dfe: H*B: 36*18cm<\/div>\n<div><\/div>\n<div>Gewicht: 0,65 kg<\/div>","protected":false},"featured_media":1382,"template":"","meta":[],"product_cat":[18,19,66],"product_tag":[823,822,825,824,821,827,820,826],"class_list":{"0":"post-1383","1":"product","2":"type-product","3":"status-publish","4":"has-post-thumbnail","6":"product_cat-fitness","7":"product_cat-fitness-accessories","8":"product_cat-punching-bags-manufacturer","9":"product_tag-adjustable-desk-punching-bag","10":"product_tag-desktop-boxing-bag","11":"product_tag-office-stress-relief-bag","12":"product_tag-portable-punching-bag","13":"product_tag-punching-bag-with-suction-cup","14":"product_tag-punching-ball-with-suction-base","15":"product_tag-standing-table-punching-bag","16":"product_tag-tabletop-boxing-trainer","18":"first","19":"instock","20":"shipping-taxable","21":"product-type-simple"},"_links":{"self":[{"href":"https:\/\/gofitstrength.com\/de\/wp-json\/wp\/v2\/product\/1383","targetHints":{"allow":["GET"]}}],"collection":[{"href":"https:\/\/gofitstrength.com\/de\/wp-json\/wp\/v2\/product"}],"about":[{"href":"https:\/\/gofitstrength.com\/de\/wp-json\/wp\/v2\/types\/product"}],"wp:featuredmedia":[{"embeddable":true,"href":"https:\/\/gofitstrength.com\/de\/wp-json\/wp\/v2\/media\/1382"}],"wp:attachment":[{"href":"https:\/\/gofitstrength.com\/de\/wp-json\/wp\/v2\/media?parent=1383"}],"wp:term":[{"taxonomy":"product_cat","embeddable":true,"href":"https:\/\/gofitstrength.com\/de\/wp-json\/wp\/v2\/product_cat?post=1383"},{"taxonomy":"product_tag","embeddable":true,"href":"https:\/\/gofitstrength.com\/de\/wp-json\/wp\/v2\/product_tag?post=1383"}],"curies":[{"name":"wp","href":"https:\/\/api.w.org\/{rel}","templated":true}]}}