{"id":1377,"date":"2024-05-31T10:33:21","date_gmt":"2024-05-31T10:33:21","guid":{"rendered":"https:\/\/gofit.laozhanzhang.com\/product\/lace-up-boxing-gloves\/"},"modified":"2024-06-30T09:39:06","modified_gmt":"2024-06-30T09:39:06","slug":"lace-up-boxing-gloves","status":"publish","type":"product","link":"https:\/\/gofitstrength.com\/de\/produkt\/boxhandschuhe-schnuren\/","title":{"rendered":"Schn\u00fcrbare Boxhandschuhe"},"content":{"rendered":"<h2 style=\"margin-top: 0px; white-space: normal; padding: 0px; color: #666666; font-family: Poppins-Regular, arial, helvetica, sans-serif; text-align: left;\"><span style=\"color: #282828;\"><strong>Premium Lace Up Boxhandschuhe f\u00fcr professionelles Training und Sparring<\/strong><\/span><\/h2>\n<h3><\/h3>\n<p><span style=\"font-size: 110%;\">\u3010Hochwertiges Leder\u3011: Hergestellt aus hochwertigem Leder f\u00fcr Haltbarkeit, Flexibilit\u00e4t und eine bequeme Passform.<\/span><br \/>\n<span style=\"font-size: 110%;\">\u3010Secure Lace-Up Closure\u3011: Mit traditionellem Schn\u00fcrverschluss f\u00fcr eine sichere, anpassbare Passform und verbesserte Unterst\u00fctzung des Handgelenks.<\/span><br \/>\n<span style=\"font-size: 110%;\">\u3010Multi-Layered Padding\u3011: Ausgestattet mit einer mehrschichtigen Schaumstoffpolsterung, die maximalen Schutz und Sto\u00dfd\u00e4mpfung bietet.<\/span><br \/>\n<span style=\"font-size: 110%;\">\u3010Ergonomisches Design\u3011: Ergonomisch gestaltet, um die nat\u00fcrliche Ausrichtung der Hand zu gew\u00e4hrleisten und das Verletzungsrisiko zu verringern.<\/span><br \/>\n<span style=\"font-size: 110%;\">\u3010Breathable Lining\u3011: Enth\u00e4lt ein atmungsaktives Innenfutter, um die H\u00e4nde bei intensiven Trainingseinheiten k\u00fchl und trocken zu halten.<\/span><br \/>\n<span style=\"font-size: 110%;\">\u3010Verst\u00e4rkte N\u00e4hte\u3011: Verst\u00e4rkte N\u00e4hte sorgen f\u00fcr eine lange Lebensdauer und erhalten die Integrit\u00e4t des Handschuhs auch bei starker Beanspruchung.<\/span><br \/>\n<span style=\"font-size: 110%;\">\u3010Enhanced Grip\u3011: Texturierter Handfl\u00e4chenbereich f\u00fcr verbesserten Grip und Kontrolle beim Sparring und Training.<\/span><br \/>\n<span style=\"font-size: 110%;\">\u3010Comfort Fit\u3011: Anatomisch geformt f\u00fcr eine angenehme und bequeme Passform, die die Leistung verbessert.<\/span><br \/>\n<span style=\"font-size: 110%;\">\u3010Versatile Use\u3011: Geeignet f\u00fcr verschiedene Boxaktivit\u00e4ten, einschlie\u00dflich Training, Sparring und Wettk\u00e4mpfe.<\/span><br \/>\n<span style=\"font-size: 110%;\">\u3010Easy Maintenance\u3011: Leicht zu reinigende Oberfl\u00e4che zur Aufrechterhaltung der Hygiene und Verl\u00e4ngerung der Lebensdauer der Handschuhe.<\/span><\/p>\n<h3 style=\"white-space: normal;\"><strong>Spezifikation:<\/strong><\/h3>\n<table data-sort=\"sortDisabled\">\n<tbody>\n<tr>\n<td style=\"word-break: break-all;\" valign=\"top\" width=\"811\">Artikel Nr.: PN-BG-010<\/td>\n<td style=\"word-break: break-all;\" valign=\"top\" width=\"811\">Herkunft: China<\/td>\n<\/tr>\n<tr>\n<td style=\"word-break: break-all;\" valign=\"top\" width=\"811\">Material: Echtes Rindsleder\/Ziegenleder, Kunstleder<\/td>\n<td style=\"word-break: break-all;\" valign=\"top\" width=\"811\">OEM \/ ODM : Akzeptiert<\/td>\n<\/tr>\n<tr>\n<td style=\"word-break: break-all;\" valign=\"top\" width=\"811\">Farbe: Kundenspezifisch<\/td>\n<td style=\"word-break: break-all;\" valign=\"top\" width=\"811\">Logo: Kundenspezifisch<\/td>\n<\/tr>\n<tr>\n<td style=\"word-break: break-all;\" valign=\"top\" width=\"811\">Gr\u00f6\u00dfen: 8oz\/10oz\/12oz\/14oz\/16oz<\/td>\n<td style=\"word-break: break-all;\" valign=\"top\" width=\"811\">Verpacken: OPP Tasche oder kundenspezifische Verpackung<\/td>\n<\/tr>\n<tr>\n<td style=\"word-break: break-all;\" colspan=\"1\" rowspan=\"1\" valign=\"top\"><\/td>\n<td style=\"word-break: break-all;\" colspan=\"1\" rowspan=\"1\" valign=\"top\">Funktion: Krafttraining, Core-Training<\/td>\n<\/tr>\n<\/tbody>\n<\/table>\n<p style=\"white-space: normal;\">\n<p style=\"white-space: normal;\">\n<p style=\"white-space: normal;\">\n<p>&nbsp;<\/p>","protected":false},"excerpt":{"rendered":"<div>Artikel Nr.: PN-BG-010<\/div>\n<div><\/div>\n<div>Gr\u00f6\u00dfen: 8oz\/10oz\/12oz\/14oz\/16oz<\/div>\n<div><\/div>\n<div>OEM\/ODM: Annehmbar<\/div>","protected":false},"featured_media":1376,"template":"","meta":[],"product_cat":[76,18,19],"product_tag":[179,249,217,247,248,245,246,250,190,230],"class_list":{"0":"post-1377","1":"product","2":"type-product","3":"status-publish","4":"has-post-thumbnail","6":"product_cat-boxing-gloves-manufacturer","7":"product_cat-fitness","8":"product_cat-fitness-accessories","9":"product_tag-boxing-equipment","10":"product_tag-boxing-gloves-for-athletes","11":"product_tag-custom-boxing-gloves","12":"product_tag-durable-lace-up-gloves","13":"product_tag-high-quality-boxing-gear","14":"product_tag-lace-up-boxing-gloves","15":"product_tag-lace-up-training-gloves","16":"product_tag-leather-lace-up-gloves","17":"product_tag-professional-boxing-gloves","18":"product_tag-sparring-gloves","20":"first","21":"instock","22":"shipping-taxable","23":"product-type-simple"},"_links":{"self":[{"href":"https:\/\/gofitstrength.com\/de\/wp-json\/wp\/v2\/product\/1377","targetHints":{"allow":["GET"]}}],"collection":[{"href":"https:\/\/gofitstrength.com\/de\/wp-json\/wp\/v2\/product"}],"about":[{"href":"https:\/\/gofitstrength.com\/de\/wp-json\/wp\/v2\/types\/product"}],"wp:featuredmedia":[{"embeddable":true,"href":"https:\/\/gofitstrength.com\/de\/wp-json\/wp\/v2\/media\/1376"}],"wp:attachment":[{"href":"https:\/\/gofitstrength.com\/de\/wp-json\/wp\/v2\/media?parent=1377"}],"wp:term":[{"taxonomy":"product_cat","embeddable":true,"href":"https:\/\/gofitstrength.com\/de\/wp-json\/wp\/v2\/product_cat?post=1377"},{"taxonomy":"product_tag","embeddable":true,"href":"https:\/\/gofitstrength.com\/de\/wp-json\/wp\/v2\/product_tag?post=1377"}],"curies":[{"name":"wp","href":"https:\/\/api.w.org\/{rel}","templated":true}]}}