{"id":1221,"date":"2024-05-31T10:31:56","date_gmt":"2024-05-31T10:31:56","guid":{"rendered":"https:\/\/gofit.laozhanzhang.com\/product\/7-feet-black-finish-olympic-bar\/"},"modified":"2024-07-10T15:47:11","modified_gmt":"2024-07-10T15:47:11","slug":"weightlifting-rod-bearings-squat-olympic-pole-barbell-bar","status":"publish","type":"product","link":"https:\/\/gofitstrength.com\/de\/produkt\/gewichtheben-stange-lager-hocken-olympische-stange-hantelstange\/","title":{"rendered":"Gewichtheben Stangenlager Kniebeuge Olympische Stange Langhantelstange"},"content":{"rendered":"<p style=\"white-space: normal;\">\n<p style=\"white-space: normal;\">\n<h2 style=\"text-align: left;\"><span style=\"color: #282828;\"><strong>Hochfeste Gewichtheberstangenlager Squat Olympic Langhantelstange f\u00fcr professionelles Training<\/strong><\/span><\/h2>\n<p style=\"white-space: normal;\"><span style=\"font-size: 110%;\">\u3010Hochstabile Konstruktion\u3011: Hergestellt aus robustem, hochfestem Stahl, der maximale St\u00e4rke und Langlebigkeit f\u00fcr intensive Trainingseinheiten gew\u00e4hrleistet.<\/span><br \/>\n<span style=\"font-size: 110%;\">\u3010Pr\u00e4zisionslager\u3011: Ausgestattet mit hochwertigen Lagern f\u00fcr reibungslose, konsistente Rotationen, die die Belastung der Handgelenke reduzieren und eine fl\u00fcssige Bewegung erm\u00f6glichen.<\/span><br \/>\n<span style=\"font-size: 110%;\">\u3010Olympic Compatibility\u3011: Entwickelt, um Standard-Olympia-Gewichtsplatten zu passen, bietet Vielseitigkeit und Anpassungsf\u00e4higkeit f\u00fcr verschiedene Hebe\u00fcbungen.<\/span><br \/>\n<span style=\"font-size: 110%;\">\u3010Ger\u00e4ndelter Griff\u3011: Der ger\u00e4ndelte Pr\u00e4zisionsgriff bietet einen sicheren, rutschfesten Griff, der die Sicherheit und Kontrolle beim Heben schwerer Lasten erh\u00f6ht.<\/span><br \/>\n<span style=\"font-size: 110%;\">\u3010Optimale L\u00e4nge und Gewicht\u3011: Ideale L\u00e4nge und Gewichtsverteilung f\u00fcr Kniebeugen, Kreuzheben und andere zusammengesetzte Bewegungen, die eine ausgewogene Leistung gew\u00e4hrleisten.<\/span><br \/>\n<span style=\"font-size: 110%;\">\u3010Versatile Use\u3011: Geeignet f\u00fcr Heim- und kommerzielle Fitnessstudio-Einstellungen, perfekt f\u00fcr Krafttraining, Powerlifting und Bodybuilding-Routinen.<\/span><br \/>\n<span style=\"font-size: 110%;\">\u3010Rust-Resistant Finish\u3011: Beschichtet mit einem rostbest\u00e4ndigen Finish, um sein Aussehen und seine Funktionalit\u00e4t im Laufe der Zeit zu erhalten.<\/span><br \/>\n<span style=\"font-size: 110%;\">\u3010Sicherheitsh\u00fclsen\u3011: Enth\u00e4lt Sicherheitsh\u00fclsen, die die Hantelscheiben fest an ihrem Platz halten und das Unfallrisiko beim Training minimieren.<\/span><br \/>\n<span style=\"font-size: 110%;\">\u3010Kompakt und tragbar\u3011: Einfach zu lagern und zu transportieren, so dass es eine bequeme Erg\u00e4nzung f\u00fcr jedes Fitnessstudio oder Fitnessstudio ist.<\/span><\/p>\n<h3 style=\"white-space: normal;\"><strong>Spezifikation:<\/strong><\/h3>\n<table width=\"-830\" data-sort=\"sortDisabled\">\n<tbody>\n<tr>\n<td style=\"word-break: break-all;\" valign=\"top\" width=\"394\">Artikel Nr.: PN-DBar-002<\/td>\n<td style=\"word-break: break-all;\" valign=\"top\" width=\"394\">Farbe: Schwarz<\/td>\n<\/tr>\n<tr>\n<td style=\"word-break: break-all;\" valign=\"top\" width=\"394\">Art: Kraft\/Gewichtstraining<\/td>\n<td style=\"word-break: break-all;\" valign=\"top\" width=\"394\">OEM\/ODM: Annehmbar<\/td>\n<\/tr>\n<tr>\n<td style=\"word-break: break-all;\" valign=\"top\" width=\"394\">Herkunft: China<\/td>\n<td style=\"word-break: break-all;\" valign=\"top\" width=\"394\">Logo\/Verpackung: Kundenspezifisch verf\u00fcgbar<\/td>\n<\/tr>\n<tr>\n<td style=\"word-break: break-all;\" colspan=\"2\" rowspan=\"1\" valign=\"top\">Spezifische Parameter: 86\u2033 (2185mm) Gesamtl\u00e4nge; L\u00e4nge zwischen den Spinlocks 51,75\u2033; belastbare H\u00fclsenl\u00e4nge von 15,3; 30mm Handgriffdurchmesser; 2\u2033 H\u00fclsendurchmesser<\/td>\n<\/tr>\n<\/tbody>\n<\/table>\n<p style=\"white-space: normal;\">","protected":false},"excerpt":{"rendered":"<p>Artikel Nr.: PN-DBar-002<\/p>\n<p>Material: Massiver Stahl<\/p>\n<p>Durchmesser: 28 mm<\/p>\n<p>Gewicht: 20 kg (ca.)<\/p>\n<p>Tragf\u00e4higkeit: 500lbs<\/p>","protected":false},"featured_media":1220,"template":"","meta":[],"product_cat":[81,18,38],"product_tag":[2519,2518,2511,106,2513,2516,2520,2517,1063,2515],"class_list":{"0":"post-1221","1":"product","2":"type-product","3":"status-publish","4":"has-post-thumbnail","6":"product_cat-barbell-dumbbell-bar-manufacturer","7":"product_cat-fitness","8":"product_cat-free-weights","9":"product_tag-barbell-pole","10":"product_tag-bearing-barbell-bar","11":"product_tag-fitness-bar","12":"product_tag-gym-equipment","13":"product_tag-home-gym-barbell","14":"product_tag-olympic-barbell","15":"product_tag-powerlifting-bar","16":"product_tag-squat-bar","17":"product_tag-strength-training-bar","18":"product_tag-weightlifting-bar","20":"first","21":"instock","22":"shipping-taxable","23":"product-type-simple"},"_links":{"self":[{"href":"https:\/\/gofitstrength.com\/de\/wp-json\/wp\/v2\/product\/1221","targetHints":{"allow":["GET"]}}],"collection":[{"href":"https:\/\/gofitstrength.com\/de\/wp-json\/wp\/v2\/product"}],"about":[{"href":"https:\/\/gofitstrength.com\/de\/wp-json\/wp\/v2\/types\/product"}],"wp:featuredmedia":[{"embeddable":true,"href":"https:\/\/gofitstrength.com\/de\/wp-json\/wp\/v2\/media\/1220"}],"wp:attachment":[{"href":"https:\/\/gofitstrength.com\/de\/wp-json\/wp\/v2\/media?parent=1221"}],"wp:term":[{"taxonomy":"product_cat","embeddable":true,"href":"https:\/\/gofitstrength.com\/de\/wp-json\/wp\/v2\/product_cat?post=1221"},{"taxonomy":"product_tag","embeddable":true,"href":"https:\/\/gofitstrength.com\/de\/wp-json\/wp\/v2\/product_tag?post=1221"}],"curies":[{"name":"wp","href":"https:\/\/api.w.org\/{rel}","templated":true}]}}