{"id":1069,"date":"2024-05-31T10:30:34","date_gmt":"2024-05-31T10:30:34","guid":{"rendered":"https:\/\/gofit.laozhanzhang.com\/product\/mma-gloves\/"},"modified":"2024-06-30T09:42:59","modified_gmt":"2024-06-30T09:42:59","slug":"mma-gloves","status":"publish","type":"product","link":"https:\/\/gofitstrength.com\/de\/produkt\/mma-handschuhe\/","title":{"rendered":"MMA Handschuhe"},"content":{"rendered":"<h2 style=\"margin-bottom: 5px; text-align: left;\"><strong>Leistungsstarke MMA-Handschuhe f\u00fcr Training und Sparring<\/strong><\/h2>\n<h3><\/h3>\n<p><span style=\"font-size: 110%;\">\u3010Hochwertiges Material\u3011: Hergestellt aus hochwertigem Kunstleder f\u00fcr Haltbarkeit und Flexibilit\u00e4t.<\/span><br \/>\n<span style=\"font-size: 110%;\">\u3010Open Finger Design\u3011: Verf\u00fcgt \u00fcber ein offenes Fingerdesign f\u00fcr verbesserte Geschicklichkeit und Griffigkeit beim Training und Sparring.<\/span><br \/>\n<span style=\"font-size: 110%;\">\u3010Verstellbares Handgelenkband\u3011: Ausgestattet mit einem verstellbaren Handgelenkband f\u00fcr einen sicheren Sitz und zus\u00e4tzliche Unterst\u00fctzung f\u00fcr das Handgelenk.<\/span><br \/>\n<span style=\"font-size: 110%;\">\u3010Multi-Layered Padding\u3011: Enth\u00e4lt mehrschichtige Schaumstoffpolsterung f\u00fcr maximalen Schutz und Sto\u00dfd\u00e4mpfung.<\/span><br \/>\n<span style=\"font-size: 110%;\">\u3010Atmungsaktiver Innenraum\u3011: Entworfen mit einem atmungsaktiven Innenraum, um die H\u00e4nde bei intensiven Sessions k\u00fchl und trocken zu halten.<\/span><br \/>\n<span style=\"font-size: 110%;\">\u3010Verst\u00e4rkte N\u00e4hte\u3011: Verst\u00e4rkte N\u00e4hte sorgen f\u00fcr eine lange Lebensdauer und erhalten die Integrit\u00e4t des Handschuhs bei starker Beanspruchung.<\/span><br \/>\n<span style=\"font-size: 110%;\">\u3010Ergonomische Passform\u3011: Ergonomisch geformt f\u00fcr eine bequeme Passform, um das Verletzungsrisiko zu verringern.<\/span><br \/>\n<span style=\"font-size: 110%;\">\u3010Versatile Use\u3011: Ideal f\u00fcr verschiedene Kampfsportarten, einschlie\u00dflich MMA, Kickboxen und Muay Thai.<\/span><br \/>\n<span style=\"font-size: 110%;\">\u3010Easy Maintenance\u3011: Leicht zu reinigende Oberfl\u00e4che zur Aufrechterhaltung der Hygiene und Verl\u00e4ngerung der Lebensdauer der Handschuhe.<\/span><br \/>\n<span style=\"font-size: 110%;\">\u3010Enhanced Grip\u3011: Texturierter Handfl\u00e4chenbereich f\u00fcr verbesserten Grip und Kontrolle beim Sparring und Training.<\/span><\/p>\n<h3 style=\"margin-bottom: 5px;\"><span style=\"font-size: 20px;\"><strong>Spezifikation:\u00a0<\/strong><\/span><\/h3>\n<table cellspacing=\"0\">\n<tbody>\n<tr>\n<td style=\"word-break: break-all;\">Produktname<\/td>\n<td style=\"word-break: break-all;\">Halbe Finger MMA Handschuhe<\/td>\n<\/tr>\n<tr>\n<td style=\"word-break: break-all;\" colspan=\"1\" rowspan=\"1\">Artikel Nr.<\/td>\n<td style=\"word-break: break-all;\" colspan=\"1\" rowspan=\"1\">PN-BG-011<\/td>\n<\/tr>\n<tr>\n<td style=\"word-break: break-all;\">Anmeldung<\/td>\n<td style=\"word-break: break-all;\">MMA<\/td>\n<\/tr>\n<tr>\n<td>Material<\/td>\n<td style=\"word-break: break-all;\">PU+EVA<\/td>\n<\/tr>\n<tr>\n<td>Farben<\/td>\n<td style=\"word-break: break-all;\">Rot, Schwarz, Blau<\/td>\n<\/tr>\n<tr>\n<td>Gr\u00f6\u00dfe<\/td>\n<td style=\"word-break: break-all;\">3*11*22cm<\/td>\n<\/tr>\n<\/tbody>\n<\/table>\n<p>&nbsp;<\/p>\n<p>&nbsp;<\/p>\n<p>&nbsp;<\/p>\n<p><img decoding=\"async\" title=\"MMA Handschuhe\" src=\"https:\/\/www.wavar.com\/data\/upload\/ueditor\/20220426\/6267b5485c289.jpg\" alt=\"MMA Handschuhe\" \/><\/p>\n<p><img decoding=\"async\" title=\"MMA Handschuhe\" src=\"https:\/\/www.wavar.com\/data\/upload\/ueditor\/20220426\/6267b50165656.jpg\" alt=\"MMA Handschuhe\" \/><\/p>\n<p><img decoding=\"async\" title=\"MMA Handschuhe\" src=\"https:\/\/www.wavar.com\/data\/upload\/ueditor\/20220426\/6267b5080ff82.jpg\" alt=\"MMA Handschuhe\" \/><\/p>\n<p><img decoding=\"async\" title=\"MMA Handschuhe\" src=\"https:\/\/www.wavar.com\/data\/upload\/ueditor\/20220426\/6267b511a071e.jpg\" alt=\"MMA Handschuhe\" \/><\/p>\n<p>&nbsp;<\/p>","protected":false},"excerpt":{"rendered":"<div>Artikel Nr.: PN-BG-011<\/div>\n<div><\/div>\n<div>Material: PU+EVA<\/div>\n<div><\/div>\n<div>Gr\u00f6\u00dfe: 3*11*22cm<\/div>","protected":false},"featured_media":1068,"template":"","meta":[],"product_cat":[76,18,19],"product_tag":[252,191,253,256,254,251,196,255,230,195],"class_list":{"0":"post-1069","1":"product","2":"type-product","3":"status-publish","4":"has-post-thumbnail","6":"product_cat-boxing-gloves-manufacturer","7":"product_cat-fitness","8":"product_cat-fitness-accessories","9":"product_tag-custom-mma-gloves","10":"product_tag-durable-fight-gloves","11":"product_tag-high-quality-mma-gear","12":"product_tag-leather-mma-gloves","13":"product_tag-martial-arts-equipment","14":"product_tag-mixed-martial-arts-gloves","15":"product_tag-mma-gloves","16":"product_tag-professional-mma-gloves","17":"product_tag-sparring-gloves","18":"product_tag-training-gloves","20":"first","21":"instock","22":"shipping-taxable","23":"product-type-simple"},"_links":{"self":[{"href":"https:\/\/gofitstrength.com\/de\/wp-json\/wp\/v2\/product\/1069","targetHints":{"allow":["GET"]}}],"collection":[{"href":"https:\/\/gofitstrength.com\/de\/wp-json\/wp\/v2\/product"}],"about":[{"href":"https:\/\/gofitstrength.com\/de\/wp-json\/wp\/v2\/types\/product"}],"wp:featuredmedia":[{"embeddable":true,"href":"https:\/\/gofitstrength.com\/de\/wp-json\/wp\/v2\/media\/1068"}],"wp:attachment":[{"href":"https:\/\/gofitstrength.com\/de\/wp-json\/wp\/v2\/media?parent=1069"}],"wp:term":[{"taxonomy":"product_cat","embeddable":true,"href":"https:\/\/gofitstrength.com\/de\/wp-json\/wp\/v2\/product_cat?post=1069"},{"taxonomy":"product_tag","embeddable":true,"href":"https:\/\/gofitstrength.com\/de\/wp-json\/wp\/v2\/product_tag?post=1069"}],"curies":[{"name":"wp","href":"https:\/\/api.w.org\/{rel}","templated":true}]}}