{"id":1061,"date":"2024-05-31T10:30:30","date_gmt":"2024-05-31T10:30:30","guid":{"rendered":"https:\/\/gofit.laozhanzhang.com\/product\/contrasting-color-natural-rubber-yoga-mat\/"},"modified":"2024-07-07T13:34:48","modified_gmt":"2024-07-07T13:34:48","slug":"contrasting-color-natural-rubber-yoga-mat","status":"publish","type":"product","link":"https:\/\/gofitstrength.com\/de\/produkt\/contrasting-color-natural-rubber-yoga-mat\/","title":{"rendered":"Contrasting Color Natural Rubber Yoga Mat"},"content":{"rendered":"<h2 style=\"margin-bottom: 5px; text-align: left;\"><span style=\"color: #282828;\"><strong>Eco-friendly Contrasting Color Natural Rubber Yoga Mat for Enhanced Grip and Style<\/strong><\/span><\/h2>\n<h3 style=\"margin-bottom: 5px;\"><span style=\"font-size: 20px;\"><strong>Spezifikation:\u00a0<\/strong><\/span><\/h3>\n<table cellspacing=\"0\">\n<tbody>\n<tr>\n<td style=\"word-break: break-all;\">Product Name: Colorful Natural Rubber Yoga Mat<\/td>\n<td style=\"word-break: break-all;\">Item NO: PN-YM-006<\/td>\n<\/tr>\n<tr>\n<td style=\"word-break: break-all;\">Size (cm): 183<span style=\"text-wrap: wrap;\">\u00a0x\u00a0<\/span>68<span style=\"text-wrap: wrap;\">\u00a0x\u00a0<\/span>0.4<\/td>\n<td style=\"word-break: break-all;\">Material: PU+Natural Rubber<\/td>\n<\/tr>\n<tr>\n<td style=\"word-break: break-all;\">Weight: 2.8kg<\/td>\n<td style=\"word-break: break-all;\">Style: Colorful Contrast Version<\/td>\n<\/tr>\n<\/tbody>\n<\/table>\n<p>&nbsp;<\/p>\n<p style=\"white-space: normal;\"><span style=\"font-size: 110%;\">\u3010Natural Rubber Material\u3011: Made from high-quality natural rubber, providing an eco-friendly and sustainable option for yoga enthusiasts.<\/span><br \/>\n<span style=\"font-size: 110%;\">\u3010Contrasting Color Design\u3011: Features a vibrant and stylish contrasting color design, adding a touch of elegance to your yoga practice.<\/span><br \/>\n<span style=\"font-size: 110%;\">\u3010Non-slip Surface\u3011: Bietet einen sicheren Halt, um ein Ausrutschen zu verhindern, selbst bei intensivem Training und schwei\u00dftreibenden Bedingungen.<\/span><br \/>\n<span style=\"font-size: 110%;\">\u3010Durable Construction\u3011: High-quality natural rubber ensures durability and long-lasting performance.<\/span><br \/>\n<span style=\"font-size: 110%;\">\u3010Komfort und Unterst\u00fctzung\u3011: Bietet hervorragende Polsterung und Unterst\u00fctzung f\u00fcr verschiedene Yoga-Posen und \u00dcbungen.<\/span><br \/>\n<span style=\"font-size: 110%;\">\u3010Easy to Clean\u3011: Einfach zu reinigen und zu pflegen, um Hygiene und Langlebigkeit zu gew\u00e4hrleisten.<\/span><br \/>\n<span style=\"font-size: 110%;\">\u3010Portable\u3011: Lightweight and easy to roll up, making it convenient for storage and transport.<\/span><\/p>\n<p>&nbsp;<\/p>\n<p style=\"text-align: center;\"><img decoding=\"async\" title=\"Colorful Natural Rubber Yoga Mat\" src=\"https:\/\/www.wavar.com\/data\/upload\/ueditor\/20220309\/6228248601159.jpg\" alt=\"Colorful Natural Rubber Yoga Mat\" \/><\/p>\n<p style=\"text-align: center;\"><img decoding=\"async\" title=\"Colorful Natural Rubber Yoga Mat\" src=\"https:\/\/www.wavar.com\/data\/upload\/ueditor\/20220309\/6228248ddc821.jpg\" alt=\"Colorful Natural Rubber Yoga Mat\" \/><\/p>\n<p style=\"text-align: center;\"><img decoding=\"async\" title=\"Colorful Natural Rubber Yoga Mat\" src=\"https:\/\/www.wavar.com\/data\/upload\/ueditor\/20220309\/6228249889ced.jpg\" alt=\"Colorful Natural Rubber Yoga Mat\" \/><\/p>\n<p style=\"text-align: center;\"><img decoding=\"async\" title=\"Colorful Natural Rubber Yoga Mat\" src=\"https:\/\/www.wavar.com\/data\/upload\/ueditor\/20220309\/622824a16098f.jpg\" alt=\"Colorful Natural Rubber Yoga Mat\" \/><\/p>\n<p style=\"text-align: center;\"><img decoding=\"async\" title=\"Colorful Natural Rubber Yoga Mat\" src=\"https:\/\/www.wavar.com\/data\/upload\/ueditor\/20220309\/622824a95a6b1.jpg\" alt=\"Colorful Natural Rubber Yoga Mat\" \/><\/p>\n<p style=\"text-align: center;\"><img decoding=\"async\" title=\"Colorful Natural Rubber Yoga Mat\" src=\"https:\/\/www.wavar.com\/data\/upload\/ueditor\/20220309\/622824b1e638b.jpg\" alt=\"Colorful Natural Rubber Yoga Mat\" \/><\/p>\n<p style=\"text-align: center;\"><img decoding=\"async\" title=\"Colorful Natural Rubber Yoga Mat\" src=\"https:\/\/www.wavar.com\/data\/upload\/ueditor\/20220309\/622824b963830.jpg\" alt=\"Colorful Natural Rubber Yoga Mat\" \/><\/p>\n<p>&nbsp;<\/p>\n<p style=\"white-space: normal;\">","protected":false},"excerpt":{"rendered":"<div>Item No.: PN-YM-006<\/div>\n<div><\/div>\n<div>Material: PU+Natural rubber<\/div>\n<div><\/div>\n<div>Style: Colorful Contrast Version<\/div>\n<div><\/div>\n<div>Size: 183cm x 68cm, 4mm<\/div>","protected":false},"featured_media":1060,"template":"","meta":[],"product_cat":[26,37],"product_tag":[1448,1428,1415,1451,1449,1411,1450],"class_list":{"0":"post-1061","1":"product","2":"type-product","3":"status-publish","4":"has-post-thumbnail","6":"product_cat-yoga","7":"product_cat-yoga-mat-manufacturer","8":"product_tag-contrasting-color-yoga-mat","9":"product_tag-durable-yoga-mat","10":"product_tag-eco-friendly-yoga-mat","11":"product_tag-high-performance-yoga-mat","12":"product_tag-natural-rubber-yoga-mat","13":"product_tag-non-slip-yoga-mat","14":"product_tag-stylish-yoga-mat","16":"first","17":"instock","18":"shipping-taxable","19":"product-type-simple"},"_links":{"self":[{"href":"https:\/\/gofitstrength.com\/de\/wp-json\/wp\/v2\/product\/1061","targetHints":{"allow":["GET"]}}],"collection":[{"href":"https:\/\/gofitstrength.com\/de\/wp-json\/wp\/v2\/product"}],"about":[{"href":"https:\/\/gofitstrength.com\/de\/wp-json\/wp\/v2\/types\/product"}],"wp:featuredmedia":[{"embeddable":true,"href":"https:\/\/gofitstrength.com\/de\/wp-json\/wp\/v2\/media\/1060"}],"wp:attachment":[{"href":"https:\/\/gofitstrength.com\/de\/wp-json\/wp\/v2\/media?parent=1061"}],"wp:term":[{"taxonomy":"product_cat","embeddable":true,"href":"https:\/\/gofitstrength.com\/de\/wp-json\/wp\/v2\/product_cat?post=1061"},{"taxonomy":"product_tag","embeddable":true,"href":"https:\/\/gofitstrength.com\/de\/wp-json\/wp\/v2\/product_tag?post=1061"}],"curies":[{"name":"wp","href":"https:\/\/api.w.org\/{rel}","templated":true}]}}