{"id":1057,"date":"2024-05-31T10:30:28","date_gmt":"2024-05-31T10:30:28","guid":{"rendered":"https:\/\/gofit.laozhanzhang.com\/product\/tpe-printed-yoga-mat\/"},"modified":"2024-07-08T13:27:01","modified_gmt":"2024-07-08T13:27:01","slug":"tpe-printed-yoga-mat","status":"publish","type":"product","link":"https:\/\/gofitstrength.com\/de\/produkt\/tpe-printed-yoga-mat\/","title":{"rendered":"TPE bedruckte Yoga-Matte"},"content":{"rendered":"<h2 style=\"margin-bottom: 5px; text-align: left;\"><span style=\"color: #282828;\"><strong>Eco-friendly TPE Printed Yoga Mat with Non-slip Surface and High-density Cushioning for Enhanced Comfort and Stability<\/strong><\/span><\/h2>\n<h3 style=\"margin-bottom: 5px;\"><span style=\"font-size: 20px;\"><strong>Spezifikation:\u00a0<\/strong><\/span><\/h3>\n<table cellspacing=\"0\">\n<tbody>\n<tr>\n<td style=\"word-break: break-all;\">Product Name: TPE Printed Yoga Mat<\/td>\n<td style=\"word-break: break-all;\">Item No: PN-YM-042<\/td>\n<\/tr>\n<tr>\n<td style=\"word-break: break-all;\">Size (cm): 183*68*0.6<\/td>\n<td style=\"word-break: break-all;\">Material: TPE<\/td>\n<\/tr>\n<tr>\n<td style=\"word-break: break-all;\">OEM\/ODM: Annehmbar<\/td>\n<td style=\"word-break: break-all;\">Logo und Gr\u00f6\u00dfe: Kundenspezifisch<\/td>\n<\/tr>\n<\/tbody>\n<\/table>\n<p>&nbsp;<\/p>\n<p style=\"white-space: normal;\"><span style=\"font-size: 110%;\">\u3010High-quality TPE Material\u3011: Made from high-quality TPE providing excellent cushioning and support.<\/span><br \/>\n<span style=\"font-size: 110%;\">\u3010Vibrant Printed Design\u3011: Features a vibrant and eye-catching printed design, adding a touch of personality to your yoga practice.<\/span><br \/>\n<span style=\"font-size: 110%;\">\u3010Non-slip Surface\u3011: Sorgt f\u00fcr Stabilit\u00e4t und Grip, auch bei intensivem Training und schwei\u00dftreibenden Bedingungen.<\/span><br \/>\n<span style=\"font-size: 110%;\">\u3010High-density Cushioning\u3011: Provides superior comfort and protection for joints during various yoga poses and exercises.<\/span><br \/>\n<span style=\"font-size: 110%;\">\u3010Durable Construction\u3011: Hochwertiges TPE-Material sorgt f\u00fcr langanhaltende Leistung und Belastbarkeit.<\/span><br \/>\n<span style=\"font-size: 110%;\">\u3010Umweltfreundlich\u3011: Hergestellt aus umweltfreundlichen Materialien, so dass es eine nachhaltige Wahl f\u00fcr Yoga-Enthusiasten.<\/span><br \/>\n<span style=\"font-size: 110%;\">\u3010Easy to Clean\u3011: Einfach zu reinigen und zu pflegen, um Hygiene und Langlebigkeit zu gew\u00e4hrleisten.<\/span><br \/>\n<span style=\"font-size: 110%;\">\u3010Portable and Lightweight\u3011: Leicht und einfach aufzurollen, so dass es bequem f\u00fcr die Lagerung und den Transport.<\/span><\/p>\n<p>&nbsp;<\/p>\n<p><img decoding=\"async\" title=\"TPE bedruckte Yoga-Matte\" src=\"https:\/\/www.wavar.com\/data\/upload\/ueditor\/20220309\/622857b085597.jpg\" alt=\"TPE bedruckte Yoga-Matte\" \/><\/p>\n<p><img decoding=\"async\" title=\"TPE bedruckte Yoga-Matte\" src=\"https:\/\/www.wavar.com\/data\/upload\/ueditor\/20220309\/622857b767ad5.jpg\" alt=\"TPE bedruckte Yoga-Matte\" \/><\/p>\n<p><img decoding=\"async\" title=\"TPE bedruckte Yoga-Matte\" src=\"https:\/\/www.wavar.com\/data\/upload\/ueditor\/20220309\/622857bdd3f3f.jpg\" alt=\"TPE bedruckte Yoga-Matte\" \/><\/p>\n<p><img decoding=\"async\" title=\"TPE bedruckte Yoga-Matte\" src=\"https:\/\/www.wavar.com\/data\/upload\/ueditor\/20220309\/622857c37d829.jpg\" alt=\"TPE bedruckte Yoga-Matte\" \/><\/p>\n<p><img decoding=\"async\" title=\"TPE bedruckte Yoga-Matte\" src=\"https:\/\/www.wavar.com\/data\/upload\/ueditor\/20220309\/622857dc49ba3.jpg\" alt=\"TPE bedruckte Yoga-Matte\" \/><\/p>","protected":false},"excerpt":{"rendered":"<div>Item No.: PN-YM-042<\/div>\n<div><\/div>\n<div>Material: TPE<\/div>\n<div><\/div>\n<div>Size: 183*61*0.6cm<\/div>","protected":false},"featured_media":1056,"template":"","meta":[],"product_cat":[26,37],"product_tag":[1528,1428,1415,1495,1503,1411,1414,1436],"class_list":{"0":"post-1057","1":"product","2":"type-product","3":"status-publish","4":"has-post-thumbnail","6":"product_cat-yoga","7":"product_cat-yoga-mat-manufacturer","8":"product_tag-comfortable-yoga-mat","9":"product_tag-durable-yoga-mat","10":"product_tag-eco-friendly-yoga-mat","11":"product_tag-exercise-mat","12":"product_tag-high-density-yoga-mat","13":"product_tag-non-slip-yoga-mat","14":"product_tag-printed-yoga-mat","15":"product_tag-tpe-yoga-mat","17":"first","18":"instock","19":"shipping-taxable","20":"product-type-simple"},"_links":{"self":[{"href":"https:\/\/gofitstrength.com\/de\/wp-json\/wp\/v2\/product\/1057","targetHints":{"allow":["GET"]}}],"collection":[{"href":"https:\/\/gofitstrength.com\/de\/wp-json\/wp\/v2\/product"}],"about":[{"href":"https:\/\/gofitstrength.com\/de\/wp-json\/wp\/v2\/types\/product"}],"wp:featuredmedia":[{"embeddable":true,"href":"https:\/\/gofitstrength.com\/de\/wp-json\/wp\/v2\/media\/1056"}],"wp:attachment":[{"href":"https:\/\/gofitstrength.com\/de\/wp-json\/wp\/v2\/media?parent=1057"}],"wp:term":[{"taxonomy":"product_cat","embeddable":true,"href":"https:\/\/gofitstrength.com\/de\/wp-json\/wp\/v2\/product_cat?post=1057"},{"taxonomy":"product_tag","embeddable":true,"href":"https:\/\/gofitstrength.com\/de\/wp-json\/wp\/v2\/product_tag?post=1057"}],"curies":[{"name":"wp","href":"https:\/\/api.w.org\/{rel}","templated":true}]}}