{"id":597,"date":"2024-05-31T10:26:24","date_gmt":"2024-05-31T10:26:24","guid":{"rendered":"https:\/\/gofit.laozhanzhang.com\/product\/bio-colored-anti-skid-interlocking-eva-foam-exercise-mats\/"},"modified":"2024-07-06T04:56:05","modified_gmt":"2024-07-06T04:56:05","slug":"bio-colored-anti-skid-interlocking-eva-foam-exercise-mats","status":"publish","type":"product","link":"https:\/\/gofitstrength.com\/da\/produkt\/bio-colored-anti-skid-interlocking-eva-foam-exercise-mats\/","title":{"rendered":"Bio-farvede, skridsikre tr\u00e6ningsm\u00e5tter af sammenl\u00e5sende EVA-skum"},"content":{"rendered":"<h2 style=\"text-align: left;\"><strong>Dual-Colored Anti-Slip Interlocking EVA Foam Mats for Safe and Comfortable Exercise Flooring<\/strong><\/h2>\n<p>&nbsp;<\/p>\n<p><span style=\"font-size: 110%;\">\u3010Bio-Colored Design\u3011: Features a dual-colored design for a vibrant and attractive look.<\/span><br \/>\n<span style=\"font-size: 110%;\">\u3010Anti-Skid Surface\u3011: Provides a non-slip surface for safe and stable workouts.<\/span><br \/>\n<span style=\"font-size: 110%;\">\u3010Interlocking System\u3011: Easy-to-assemble puzzle-like interlocking pieces for secure fitting.<\/span><br \/>\n<span style=\"font-size: 110%;\">\u3010EVA Foam Material\u3011: Made from high-quality EVA foam for cushioning and comfort.<\/span><br \/>\n<span style=\"font-size: 110%;\">\u3010Versatile Use\u3011: Suitable for gyms, play areas, yoga, Pilates, and other fitness activities.<\/span><br \/>\n<span style=\"font-size: 110%;\">\u3010Easy to Clean\u3011: Water-resistant and easy to clean, making maintenance a breeze.<\/span><\/p>\n<p style=\"text-align: center;\"><span style=\"font-size: 18px;\"><strong><img decoding=\"async\" title=\"Bio-farvede, skridsikre tr\u00e6ningsm\u00e5tter af sammenl\u00e5sende EVA-skum\" src=\"https:\/\/www.wavar.com\/data\/upload\/ueditor\/20230823\/64e566f8ca92a.jpg\" alt=\"Bio-farvede, skridsikre tr\u00e6ningsm\u00e5tter af sammenl\u00e5sende EVA-skum\" \/><\/strong><\/span><\/p>\n<p style=\"text-align: center;\"><span style=\"font-size: 18px;\"><strong><img decoding=\"async\" title=\"Bio-farvede, skridsikre tr\u00e6ningsm\u00e5tter af sammenl\u00e5sende EVA-skum\" src=\"https:\/\/www.wavar.com\/data\/upload\/ueditor\/20230823\/64e56711493e1.jpg\" alt=\"Bio-farvede, skridsikre tr\u00e6ningsm\u00e5tter af sammenl\u00e5sende EVA-skum\" \/><\/strong><\/span><\/p>\n<p style=\"text-align: center;\"><span style=\"font-size: 18px;\"><strong><img decoding=\"async\" title=\"Bio-farvede, skridsikre tr\u00e6ningsm\u00e5tter af sammenl\u00e5sende EVA-skum\" src=\"https:\/\/www.wavar.com\/data\/upload\/ueditor\/20230823\/64e567190a933.jpg\" alt=\"Bio-farvede, skridsikre tr\u00e6ningsm\u00e5tter af sammenl\u00e5sende EVA-skum\" \/><\/strong><\/span><\/p>\n<p style=\"text-align: center;\"><span style=\"font-size: 18px;\"><strong><img decoding=\"async\" title=\"Bio-farvede, skridsikre tr\u00e6ningsm\u00e5tter af sammenl\u00e5sende EVA-skum\" src=\"https:\/\/www.wavar.com\/data\/upload\/ueditor\/20230823\/64e5672243e18.jpg\" alt=\"Bio-farvede, skridsikre tr\u00e6ningsm\u00e5tter af sammenl\u00e5sende EVA-skum\" \/><img decoding=\"async\" title=\"Bio-farvede, skridsikre tr\u00e6ningsm\u00e5tter af sammenl\u00e5sende EVA-skum\" src=\"https:\/\/www.wavar.com\/data\/upload\/ueditor\/20230823\/64e56729cf1f6.jpg\" alt=\"Bio-farvede, skridsikre tr\u00e6ningsm\u00e5tter af sammenl\u00e5sende EVA-skum\" \/><\/strong><\/span><\/p>","protected":false},"excerpt":{"rendered":"<div>Item No: PN-FM-001<\/div>\n<div><\/div>\n<div>Dimensions: 100*100*3cm<\/div>\n<div><\/div>\n<div>Color: Blue, Yellow, Red, Black, Grey, etc.<\/div>\n<div><\/div>\n<div>Weight\/ Per Tile: 2.6kg<\/div>\n<p>&nbsp;<\/p>","protected":false},"featured_media":596,"template":"","meta":[],"product_cat":[18,19,46],"product_tag":[697,696,698,700,701,702,699],"class_list":{"0":"post-597","1":"product","2":"type-product","3":"status-publish","4":"has-post-thumbnail","6":"product_cat-fitness","7":"product_cat-fitness-accessories","8":"product_cat-floor-mat-manufacturer","9":"product_tag-anti-skid-interlocking-mats","10":"product_tag-bio-colored-exercise-mats","11":"product_tag-eva-foam-mats","12":"product_tag-interlocking-gym-mats","13":"product_tag-non-slip-exercise-mats","14":"product_tag-puzzle-mats-for-home-gym","15":"product_tag-workout-flooring","17":"first","18":"instock","19":"shipping-taxable","20":"product-type-simple"},"_links":{"self":[{"href":"https:\/\/gofitstrength.com\/da\/wp-json\/wp\/v2\/product\/597","targetHints":{"allow":["GET"]}}],"collection":[{"href":"https:\/\/gofitstrength.com\/da\/wp-json\/wp\/v2\/product"}],"about":[{"href":"https:\/\/gofitstrength.com\/da\/wp-json\/wp\/v2\/types\/product"}],"wp:featuredmedia":[{"embeddable":true,"href":"https:\/\/gofitstrength.com\/da\/wp-json\/wp\/v2\/media\/596"}],"wp:attachment":[{"href":"https:\/\/gofitstrength.com\/da\/wp-json\/wp\/v2\/media?parent=597"}],"wp:term":[{"taxonomy":"product_cat","embeddable":true,"href":"https:\/\/gofitstrength.com\/da\/wp-json\/wp\/v2\/product_cat?post=597"},{"taxonomy":"product_tag","embeddable":true,"href":"https:\/\/gofitstrength.com\/da\/wp-json\/wp\/v2\/product_tag?post=597"}],"curies":[{"name":"wp","href":"https:\/\/api.w.org\/{rel}","templated":true}]}}