{"id":5156,"date":"2024-07-11T15:30:02","date_gmt":"2024-07-11T15:30:02","guid":{"rendered":"https:\/\/gofitstrength.com\/?post_type=product&#038;p=5156"},"modified":"2024-07-11T15:32:56","modified_gmt":"2024-07-11T15:32:56","slug":"foldable-maple-reformer","status":"publish","type":"product","link":"https:\/\/gofitstrength.com\/da\/produkt\/foldable-maple-reformer\/","title":{"rendered":"Sammenklappelig Maple Reformer"},"content":{"rendered":"<h2 style=\"white-space: normal; text-align: left;\"><span style=\"color: #282828;\"><strong>Space-Saving and Portable Foldable Maple Pilates Reformer for Home and Studio Use<\/strong><\/span><\/h2>\n<p style=\"white-space: normal; text-align: left;\">\u3010Foldbart design\u3011: Innovativ foldbar struktur giver mulighed for nem opbevaring og b\u00e6rbarhed, hvilket g\u00f8r den ideel til sm\u00e5 rum.<br \/>\n\u3010High-Quality Maple Construction\u3011: Crafted from premium maple wood for durability, stability, and a classic look.<br \/>\n\u3010Smooth Glide System\u3011: Har et glidesystem af h\u00f8j kvalitet til j\u00e6vn og stille drift under tr\u00e6ning.<br \/>\n\u3010Justerbare modstandsniveauer\u3011: Udstyret med tilpassede modstandsindstillinger for at im\u00f8dekomme forskellige fitnessniveauer.<br \/>\n\u3010Komfortabel polstring\u3011: Giver maksimal komfort og st\u00f8tte med skumpolstring med h\u00f8j densitet.<br \/>\n\u3010Kompakt opbevaring\u3011: Sammenklappeligt design sikrer, at den fylder minimalt, n\u00e5r den ikke er i brug.<br \/>\n\u3010Skridsikker overflade\u3011: Sikrer sikkerhed og stabilitet med en skridsikker overflade, selv under intens tr\u00e6ning.<br \/>\n\u3010Varierende tilbeh\u00f8r\u3011: Indeholder forskellige redskaber og justerbare indstillinger til en bred vifte af Pilates-\u00f8velser.<br \/>\n\u3010Professionel og hjemmebrug\u3011: Velegnet til b\u00e5de professionelle pilatesstudier og hjemmefitness p\u00e5 grund af dens alsidighed og kompakte design.<\/p>\n<p>&nbsp;<\/p>\n<p>&nbsp;<\/p>\n<p>&nbsp;<\/p>","protected":false},"excerpt":{"rendered":"<p>Item No: PN-P-035<\/p>\n<p>Frame Material:White Maple<\/p>\n<p>Fjeder:Normal\/Standard\/Top<\/p>\n<p>L\u00e6derfarve:Sort,Gr\u00e5,Hvid Anden valgfri farve<\/p>\n<p>Produktst\u00f8rrelse: 2380*950*240mm 1300*650*499mm<\/p>","protected":false},"featured_media":5159,"template":"","meta":[],"product_cat":[28],"product_tag":[2934,3012,3028,3030,3031,3015,3029],"class_list":{"0":"post-5156","1":"product","2":"type-product","3":"status-publish","4":"has-post-thumbnail","6":"product_cat-pilates-equipment-factory","7":"product_tag-adjustable-pilates-equipment","8":"product_tag-compact-pilates-reformer","9":"product_tag-foldable-maple-reformer","10":"product_tag-high-quality-maple-reformer","11":"product_tag-home-pilates-reformer","12":"product_tag-portable-pilates-machine","13":"product_tag-space-saving-reformer","15":"first","16":"instock","17":"shipping-taxable","18":"product-type-simple"},"_links":{"self":[{"href":"https:\/\/gofitstrength.com\/da\/wp-json\/wp\/v2\/product\/5156","targetHints":{"allow":["GET"]}}],"collection":[{"href":"https:\/\/gofitstrength.com\/da\/wp-json\/wp\/v2\/product"}],"about":[{"href":"https:\/\/gofitstrength.com\/da\/wp-json\/wp\/v2\/types\/product"}],"wp:featuredmedia":[{"embeddable":true,"href":"https:\/\/gofitstrength.com\/da\/wp-json\/wp\/v2\/media\/5159"}],"wp:attachment":[{"href":"https:\/\/gofitstrength.com\/da\/wp-json\/wp\/v2\/media?parent=5156"}],"wp:term":[{"taxonomy":"product_cat","embeddable":true,"href":"https:\/\/gofitstrength.com\/da\/wp-json\/wp\/v2\/product_cat?post=5156"},{"taxonomy":"product_tag","embeddable":true,"href":"https:\/\/gofitstrength.com\/da\/wp-json\/wp\/v2\/product_tag?post=5156"}],"curies":[{"name":"wp","href":"https:\/\/api.w.org\/{rel}","templated":true}]}}