{"id":1640,"date":"2024-05-31T10:35:42","date_gmt":"2024-05-31T10:35:42","guid":{"rendered":"https:\/\/gofit.laozhanzhang.com\/product\/custom-foam-roller\/"},"modified":"2024-07-08T14:13:34","modified_gmt":"2024-07-08T14:13:34","slug":"custom-foam-roller","status":"publish","type":"product","link":"https:\/\/gofitstrength.com\/da\/produkt\/skraeddersyet-skumrulle\/","title":{"rendered":"Brugerdefineret skumrulle"},"content":{"rendered":"<h2 style=\"margin: 0px 0px 5px; padding: 0px; color: #666666; font-family: Poppins-Regular, arial, helvetica, sans-serif; white-space: normal; text-align: left;\"><span style=\"color: #282828;\"><strong>Personlig skumrulle med h\u00f8j densitet til effektiv dyb v\u00e6vsmassage og forbedret fitnesstr\u00e6ning<\/strong><\/span><\/h2>\n<h2><strong>Specifikation:<\/strong><\/h2>\n<p><strong>\u00a0<\/strong><\/p>\n<table>\n<tbody>\n<tr>\n<td style=\"word-break: break-all;\" valign=\"top\" width=\"811\">Varenummer: PN-FR-003<\/td>\n<td style=\"word-break: break-all;\" valign=\"top\" width=\"811\">Brand Name: Gofitstrength<\/td>\n<\/tr>\n<tr>\n<td style=\"word-break: break-all;\" valign=\"top\" width=\"811\">Materiale: EVA<\/td>\n<td style=\"word-break: break-all;\" valign=\"top\" width=\"811\">Pr\u00f8ve: Tilg\u00e6ngelig n\u00e5r som helst<\/td>\n<\/tr>\n<tr>\n<td style=\"word-break: break-all;\" valign=\"top\" width=\"811\">Farve: Bl\u00e5 marmor eller brugerdefineret<\/td>\n<td dir=\"ltr\" style=\"word-break: break-all;\" valign=\"top\" width=\"811\">Logo: Tilpasset logo tilg\u00e6ngeligt<\/td>\n<\/tr>\n<tr>\n<td style=\"word-break: break-all;\" valign=\"top\" width=\"811\">Produktdimension: 12 tommer, 18 tommer, 24 tommer*6 tommer<\/td>\n<td style=\"word-break: break-all;\" valign=\"top\" width=\"811\">Pakke: Tilpasset<\/td>\n<\/tr>\n<tr>\n<td style=\"word-break: break-all;\" valign=\"top\" width=\"811\">Graf: Tilpasset<\/td>\n<td style=\"word-break: break-all;\" valign=\"top\" width=\"811\">OEM\/ODM: Acceptabelt<\/td>\n<\/tr>\n<\/tbody>\n<\/table>\n<p>&nbsp;<\/p>\n<p><span style=\"font-size: 110%;\">\u3010Skum med h\u00f8j densitet\u3011: Fremstillet af EVA-skum med h\u00f8j densitet, der giver fast st\u00f8tte og effektiv dyb v\u00e6vsmassage til muskelrestitution.<\/span><br \/>\n<span style=\"font-size: 110%;\">\u3010Tilpasset design\u3011: Giver mulighed for personlige farver, m\u00f8nstre og logoer, der passer til individuelle pr\u00e6ferencer eller branding-behov.<\/span><br \/>\n<span style=\"font-size: 110%;\">\u3010Struktureret overflade\u3011: Har en struktureret overflade, der forbedrer muskelstimuleringen, blodcirkulationen og lindrer muskel\u00f8mhed.<\/span><br \/>\n<span style=\"font-size: 110%;\">\u3010Vielseitig brug\u3011: Velegnet til en bred vifte af \u00f8velser, herunder yoga, pilates, fysioterapi og generel fitnesstr\u00e6ning.<\/span><br \/>\n<span style=\"font-size: 110%;\">\u3010Holdbar konstruktion\u3011: Fremstillet af materialer af h\u00f8j kvalitet, der sikrer langvarig holdbarhed og ensartet ydeevne.<\/span><br \/>\n<span style=\"font-size: 110%;\">\u3010Letv\u00e6gts og b\u00e6rbar\u3011: Kompakt og let design til nem transport og brug hvor som helst, n\u00e5r som helst.<\/span><br \/>\n<span style=\"font-size: 110%;\">\u3010Let at reng\u00f8re\u3011: Ikke-por\u00f8s overflade for nem reng\u00f8ring og vedligeholdelse, hvilket sikrer hygiejne og lang levetid.<\/span><\/p>","protected":false},"excerpt":{"rendered":"<div>Varenummer: PN-FR-003<\/div>\n<div><\/div>\n<div>Farve: Bl\u00e5 marmor eller brugerdefineret<\/div>\n<div><\/div>\n<div>St\u00f8rrelse: 30x15cm, 45x15cm, 60x15cm, eller tilpasset.<\/div>","protected":false},"featured_media":1639,"template":"","meta":[],"product_cat":[29,26],"product_tag":[1597,1602,1594,1600,1599,1601,1598,1603,1604,1584],"class_list":{"0":"post-1640","1":"product","2":"type-product","3":"status-publish","4":"has-post-thumbnail","6":"product_cat-foam-roller-manufacturer","7":"product_cat-yoga","8":"product_tag-custom-foam-roller","9":"product_tag-customizable-exercise-roller","10":"product_tag-deep-tissue-massage-roller","11":"product_tag-fitness-massage-roller","12":"product_tag-high-density-foam-roller","13":"product_tag-muscle-recovery-roller","14":"product_tag-personalized-foam-roller","15":"product_tag-pilates-foam-roller","16":"product_tag-wholesale-custom-foam-roller","17":"product_tag-yoga-foam-roller","19":"first","20":"instock","21":"shipping-taxable","22":"product-type-simple"},"_links":{"self":[{"href":"https:\/\/gofitstrength.com\/da\/wp-json\/wp\/v2\/product\/1640","targetHints":{"allow":["GET"]}}],"collection":[{"href":"https:\/\/gofitstrength.com\/da\/wp-json\/wp\/v2\/product"}],"about":[{"href":"https:\/\/gofitstrength.com\/da\/wp-json\/wp\/v2\/types\/product"}],"wp:featuredmedia":[{"embeddable":true,"href":"https:\/\/gofitstrength.com\/da\/wp-json\/wp\/v2\/media\/1639"}],"wp:attachment":[{"href":"https:\/\/gofitstrength.com\/da\/wp-json\/wp\/v2\/media?parent=1640"}],"wp:term":[{"taxonomy":"product_cat","embeddable":true,"href":"https:\/\/gofitstrength.com\/da\/wp-json\/wp\/v2\/product_cat?post=1640"},{"taxonomy":"product_tag","embeddable":true,"href":"https:\/\/gofitstrength.com\/da\/wp-json\/wp\/v2\/product_tag?post=1640"}],"curies":[{"name":"wp","href":"https:\/\/api.w.org\/{rel}","templated":true}]}}