{"id":1595,"date":"2024-05-31T10:35:14","date_gmt":"2024-05-31T10:35:14","guid":{"rendered":"https:\/\/gofit.laozhanzhang.com\/product\/pvc-yoga-ball\/"},"modified":"2024-07-07T05:13:54","modified_gmt":"2024-07-07T05:13:54","slug":"pvc-yoga-ball","status":"publish","type":"product","link":"https:\/\/gofitstrength.com\/da\/produkt\/pvc-yoga-ball\/","title":{"rendered":"PVC Yoga Ball"},"content":{"rendered":"<h2 style=\"white-space: normal; text-align: left;\"><span style=\"color: #282828;\"><strong>Durable PVC Yoga Ball for Fitness, Core Training, and Balance Exercises<\/strong><\/span><\/h2>\n<p style=\"white-space: normal;\">\n<h3 style=\"white-space: normal;\"><strong>Specifikation:<\/strong><\/h3>\n<table width=\"-830\" data-sort=\"sortDisabled\">\n<tbody>\n<tr>\n<td style=\"word-break: break-all;\" valign=\"top\" width=\"394\">Item No.: PN-YBA-010<\/td>\n<td style=\"word-break: break-all;\" valign=\"top\" width=\"394\">Material:\u00a0\u00a0PVC<\/td>\n<\/tr>\n<tr>\n<td style=\"word-break: break-all;\" valign=\"top\" width=\"394\">Product Size (cm): 45\/55\/65\/75\/85<\/td>\n<td style=\"word-break: break-all;\" valign=\"top\" width=\"394\">Weight (kg): 0.4\/0.6\/0.8\/0.9\/1.2<\/td>\n<\/tr>\n<tr>\n<td style=\"word-break: break-all;\" valign=\"top\" width=\"394\">OEM\/ODM: Acceptabelt<\/td>\n<td style=\"word-break: break-all;\" valign=\"top\" width=\"394\">Color:\u00a0Silver\/Orange\/Pink\/Yellow\/Purple\/Blue<\/td>\n<\/tr>\n<\/tbody>\n<\/table>\n<p style=\"white-space: normal;\">\n<p style=\"white-space: normal;\"><span style=\"font-size: 110%;\">\u3010PVC-materiale af h\u00f8j kvalitet\u3011: Fremstillet af slidst\u00e6rkt, anti-burst PVC-materiale for at sikre lang levetid og sikkerhed under tr\u00e6ning.<\/span><br \/>\n<span style=\"font-size: 110%;\">\u3010Vielseitig brug\u3011: Ideel til forskellige \u00f8velser, herunder yoga, pilates, coretr\u00e6ning og balance\u00f8velser.<\/span><br \/>\n<span style=\"font-size: 110%;\">\u3010Forbedrer kernestyrken\u3011: Hj\u00e6lper med at forbedre kernestyrke, stabilitet og fleksibilitet gennem en r\u00e6kke \u00f8velser.<\/span><br \/>\n<span style=\"font-size: 110%;\">\u3010Anti-burst-teknologi\u3011: Designet med anti-burst-teknologi til sikker og effektiv brug.<\/span><br \/>\n<span style=\"font-size: 110%;\">\u3010Letv\u00e6gts og b\u00e6rbar\u3011: Let at transportere og opbevare, perfekt til brug i hjemmet, i fitnesscentret eller p\u00e5 kontoret.<\/span><br \/>\n<span style=\"font-size: 110%;\">\u3010Let at puste op\u3011: Leveres med en brugervenlig pumpe til hurtig oppustning og t\u00f8mning.<\/span><br \/>\n<span style=\"font-size: 110%;\">\u3010Flere st\u00f8rrelser til r\u00e5dighed\u3011: F\u00e5s i forskellige st\u00f8rrelser for at im\u00f8dekomme forskellige fitnessniveauer og behov.<\/span><\/p>\n<p style=\"white-space: normal;\"><img decoding=\"async\" title=\"PVC Yoga Ball\" src=\"https:\/\/www.wavar.com\/data\/upload\/ueditor\/20210908\/613824ed529d9.jpg\" alt=\"PVC Yoga Ball\" \/><\/p>\n<p style=\"white-space: normal;\"><img decoding=\"async\" title=\"PVC Yoga Ball\" src=\"https:\/\/www.wavar.com\/data\/upload\/ueditor\/20210908\/613824f730f6a.jpg\" alt=\"PVC Yoga Ball\" \/>\u00a0<img decoding=\"async\" title=\"PVC Yoga Ball\" src=\"https:\/\/www.wavar.com\/data\/upload\/ueditor\/20210908\/613824fd6d54c.jpg\" alt=\"PVC Yoga Ball\" \/><\/p>","protected":false},"excerpt":{"rendered":"<p>Item No.: PN-YBA-010<br \/>\nMateriale: PVC<br \/>\nOEM\/ODM: Acceptabelt<\/p>","protected":false},"featured_media":1594,"template":"","meta":[],"product_cat":[26,75],"product_tag":[1226,1201,1182,1193,1194,1225,1178],"class_list":{"0":"post-1595","1":"product","2":"type-product","3":"status-publish","4":"has-post-thumbnail","6":"product_cat-yoga","7":"product_cat-yoga-ball-manufacturer","8":"product_tag-anti-burst-yoga-ball","9":"product_tag-balance-training-ball","10":"product_tag-core-workout-ball","11":"product_tag-exercise-ball","12":"product_tag-fitness-yoga-ball","13":"product_tag-pvc-yoga-ball","14":"product_tag-stability-ball","16":"first","17":"instock","18":"shipping-taxable","19":"product-type-simple"},"_links":{"self":[{"href":"https:\/\/gofitstrength.com\/da\/wp-json\/wp\/v2\/product\/1595","targetHints":{"allow":["GET"]}}],"collection":[{"href":"https:\/\/gofitstrength.com\/da\/wp-json\/wp\/v2\/product"}],"about":[{"href":"https:\/\/gofitstrength.com\/da\/wp-json\/wp\/v2\/types\/product"}],"wp:featuredmedia":[{"embeddable":true,"href":"https:\/\/gofitstrength.com\/da\/wp-json\/wp\/v2\/media\/1594"}],"wp:attachment":[{"href":"https:\/\/gofitstrength.com\/da\/wp-json\/wp\/v2\/media?parent=1595"}],"wp:term":[{"taxonomy":"product_cat","embeddable":true,"href":"https:\/\/gofitstrength.com\/da\/wp-json\/wp\/v2\/product_cat?post=1595"},{"taxonomy":"product_tag","embeddable":true,"href":"https:\/\/gofitstrength.com\/da\/wp-json\/wp\/v2\/product_tag?post=1595"}],"curies":[{"name":"wp","href":"https:\/\/api.w.org\/{rel}","templated":true}]}}