{"id":1005,"date":"2024-05-31T10:29:59","date_gmt":"2024-05-31T10:29:59","guid":{"rendered":"https:\/\/gofit.laozhanzhang.com\/product\/adjustable-hand-gripper-strengthener-with-counter\/"},"modified":"2024-07-04T13:57:47","modified_gmt":"2024-07-04T13:57:47","slug":"adjustable-hand-gripper-strengthener-with-counter","status":"publish","type":"product","link":"https:\/\/gofitstrength.com\/da\/produkt\/justerbar-handgrebsstyrker-med-taeller\/","title":{"rendered":"Justerbar h\u00e5ndgrebsstyrker med t\u00e6ller"},"content":{"rendered":"<h2 style=\"white-space: normal; text-align: left;\"><span style=\"color: #282828;\"><strong>Justerbar h\u00e5ndgrebsstyrker med flere modstande og indbygget t\u00e6ller til pr\u00e6cisionsh\u00e5ndtr\u00e6ning<\/strong><\/span><\/h2>\n<p style=\"margin-top: 0px; margin-bottom: 0px; white-space: normal; padding: 0px; line-height: 30px; min-height: 30px; color: #666666; font-family: Poppins-Regular, arial, helvetica, sans-serif;\"><span style=\"margin: 0px; padding: 0px; font-size: 20px; line-height: 30px;\"><strong style=\"margin: 0px; padding: 0px;\">\u00a0<\/strong><\/span><\/p>\n<p><span style=\"font-size: 110%;\">\u3010Indbygget t\u00e6ller\u3011: Integreret t\u00e6ller sporer gentagelser for pr\u00e6cis overv\u00e5gning af tr\u00e6ningen.<\/span><br \/>\n<span style=\"font-size: 110%;\">\u3010Multimodstandsniveauer\u3011: Justerbar modstand fra 10 kg til 40 kg, der passer til forskellige tr\u00e6ningsbehov.<\/span><br \/>\n<span style=\"font-size: 110%;\">\u3010Ergonomisk h\u00e5ndtag\u3011: Komfortabelt, skridsikkert h\u00e5ndtag designet til at passe til din h\u00e5nds konturer.<\/span><br \/>\n<span style=\"font-size: 110%;\">\u3010Holdbar konstruktion\u3011: Fremstillet af materialer af h\u00f8j kvalitet for langvarig holdbarhed.<\/span><br \/>\n<span style=\"font-size: 110%;\">\u3010B\u00e6rbart design\u3011: Kompakt og let, hvilket g\u00f8r den nem at have med og bruge overalt.<\/span><br \/>\n<span style=\"font-size: 110%;\">\u3010Fleksibelt tr\u00e6ningsredskab\u3011: Ideel til at styrke fingre, h\u00e5ndled og underarme, velegnet til atleter, musikere og genoptr\u00e6ning.<\/span><\/p>\n<h3 style=\"white-space: normal;\"><strong>Specifikation:<\/strong><\/h3>\n<table>\n<tbody>\n<tr>\n<td style=\"word-break: break-all;\" valign=\"top\" width=\"811\">Varenummer: PN-HG-004<\/td>\n<td style=\"word-break: break-all;\" valign=\"top\" width=\"811\">Oprindelsessted: Kina<\/td>\n<\/tr>\n<tr>\n<td style=\"word-break: break-all;\" valign=\"top\" width=\"811\">Materiale: PP+rustfrit st\u00e5l+tpr<\/td>\n<td style=\"word-break: break-all;\" valign=\"top\" width=\"811\">OEM\/ODM: Acceptabelt<\/td>\n<\/tr>\n<tr>\n<td style=\"word-break: break-all;\" valign=\"top\" width=\"811\">Farve: Sort, orange, gr\u00f8n, bl\u00e5 eller tilpasset<\/td>\n<td style=\"word-break: break-all;\" valign=\"top\" width=\"811\">Funktion: Tr\u00e6ning af greb<\/td>\n<\/tr>\n<tr>\n<td style=\"word-break: break-all;\" valign=\"top\" width=\"811\">Produktdimensioner (H*B): 6,7\u2033*3,9\u2033; 2,8\u2033 af beslagets diameter<\/td>\n<td style=\"word-break: break-all;\" valign=\"top\" width=\"811\">Certifikat: ISO9001,ROHS<\/td>\n<\/tr>\n<tr>\n<td style=\"word-break: break-all;\" valign=\"top\" width=\"811\">V\u00e6gt: 98 g<\/td>\n<td style=\"word-break: break-all;\" valign=\"top\" width=\"811\">Modstandsomr\u00e5de: 5kg-60kg(11lbs-132lbs)<\/td>\n<\/tr>\n<\/tbody>\n<\/table>\n<p style=\"white-space: normal;\">\n<p style=\"white-space: normal;\">\n<p style=\"white-space: normal;\">\n<p style=\"white-space: normal;\">\n<p style=\"white-space: normal;\"><img decoding=\"async\" title=\"\u8be6\u60c5W04212\u53ef\u8c03\u8282\u8ba1\u6570\u63e1\u529b\u5668 (2).jpg\" src=\"https:\/\/www.wavar.com\/data\/upload\/ueditor\/20220608\/62a03d95ba990.jpg\" alt=\"\u8be6\u60c5W04212\u53ef\u8c03\u8282\u8ba1\u6570\u63e1\u529b\u5668 (2).jpg\" \/><\/p>\n<p style=\"white-space: normal;\">\n<p>&nbsp;<\/p>\n<p>&nbsp;<\/p>","protected":false},"excerpt":{"rendered":"<div>Varenummer: PN-HG-004<\/div>\n<div><\/div>\n<div>Materiale: PP+rustfrit st\u00e5l+tpr<\/div>\n<div><\/div>\n<div>V\u00e6gt: 98 g<\/div>\n<div><\/div>\n<div>OEM\/ODM: Acceptabelt<\/div>\n<p>&nbsp;<\/p>","protected":false},"featured_media":1004,"template":"","meta":[],"product_cat":[18,19,35],"product_tag":[624,621,616,623,618,625,622],"class_list":{"0":"post-1005","1":"product","2":"type-product","3":"status-publish","4":"has-post-thumbnail","6":"product_cat-fitness","7":"product_cat-fitness-accessories","8":"product_cat-hand-gripper-manufacturer","9":"product_tag-adjustable-hand-grip-strengthener","10":"product_tag-adjustable-hand-gripper","11":"product_tag-fitness-hand-gripper","12":"product_tag-hand-grip-exerciser","13":"product_tag-hand-workout-equipment","14":"product_tag-portable-hand-exerciser","15":"product_tag-strengthener-with-counter","17":"first","18":"instock","19":"shipping-taxable","20":"product-type-simple"},"_links":{"self":[{"href":"https:\/\/gofitstrength.com\/da\/wp-json\/wp\/v2\/product\/1005","targetHints":{"allow":["GET"]}}],"collection":[{"href":"https:\/\/gofitstrength.com\/da\/wp-json\/wp\/v2\/product"}],"about":[{"href":"https:\/\/gofitstrength.com\/da\/wp-json\/wp\/v2\/types\/product"}],"wp:featuredmedia":[{"embeddable":true,"href":"https:\/\/gofitstrength.com\/da\/wp-json\/wp\/v2\/media\/1004"}],"wp:attachment":[{"href":"https:\/\/gofitstrength.com\/da\/wp-json\/wp\/v2\/media?parent=1005"}],"wp:term":[{"taxonomy":"product_cat","embeddable":true,"href":"https:\/\/gofitstrength.com\/da\/wp-json\/wp\/v2\/product_cat?post=1005"},{"taxonomy":"product_tag","embeddable":true,"href":"https:\/\/gofitstrength.com\/da\/wp-json\/wp\/v2\/product_tag?post=1005"}],"curies":[{"name":"wp","href":"https:\/\/api.w.org\/{rel}","templated":true}]}}