{"id":1001,"date":"2024-05-31T10:29:57","date_gmt":"2024-05-31T10:29:57","guid":{"rendered":"https:\/\/gofit.laozhanzhang.com\/product\/wholesale-ladies-color-neoprene-cast-iron-square-dumbbells\/"},"modified":"2024-07-10T05:52:24","modified_gmt":"2024-07-10T05:52:24","slug":"wholesale-ladies-color-neoprene-cast-iron-square-dumbbells","status":"publish","type":"product","link":"https:\/\/gofitstrength.com\/da\/produkt\/engros-damer-farve-neopren-stobejern-firkantede-handvaegte\/","title":{"rendered":"Kvadratiske h\u00e5ndv\u00e6gte i h\u00f8j kvalitet i neopren og st\u00f8bejern til damer"},"content":{"rendered":"<p>&nbsp;<\/p>\n<h1 style=\"margin: 0px 0px 5px; padding: 0px; color: #666666; font-family: Poppins-Regular, arial, helvetica, sans-serif; white-space: normal; text-align: left;\"><span style=\"color: #282828;\"><strong>H\u00f8jkvalitets engros damefarve neopren st\u00f8bejerns firkantede h\u00e5ndv\u00e6gte til styrketr\u00e6ning og hjemmegymnastik<\/strong><\/span><\/h1>\n<p><span style=\"font-size: 110%; color: #282828;\">\u3010Materiale af h\u00f8j kvalitet\u3011: Fremstillet af f\u00f8rsteklasses st\u00f8bejern med en holdbar neoprenbel\u00e6gning, der giver et bl\u00f8dt, behageligt greb og sikrer langvarig brug.<\/span><br \/>\n<span style=\"font-size: 110%; color: #282828;\">\u3010Firkantet design\u3011: Unikt firkantet design forhindrer rulning og sikrer stabilitet, n\u00e5r den placeres p\u00e5 gulvet, hvilket g\u00f8r den sikrere og mere praktisk til tr\u00e6ning.<\/span><br \/>\n<span style=\"font-size: 110%; color: #282828;\">\u3010Skridsikkert greb\u3011: Neoprenbel\u00e6gningen giver en skridsikker overflade, der sikrer et sikkert og behageligt greb selv under intens tr\u00e6ning.<\/span><br \/>\n<span style=\"font-size: 110%; color: #282828;\">\u3010Farvekodede v\u00e6gte\u3011: Hver h\u00e5ndv\u00e6gt er farvekodet efter v\u00e6gt for nem identifikation og hurtigt valg, hvilket str\u00f8mliner dine tr\u00e6ningssessioner.<\/span><br \/>\n<span style=\"font-size: 110%; color: #282828;\">\u3010Mangfoldig brug\u3011: Ideel til en bred vifte af \u00f8velser, herunder styrketr\u00e6ning, muskeltoning, aerob tr\u00e6ning og fysioterapi, velegnet til alle fitnessniveauer.<\/span><br \/>\n<span style=\"font-size: 110%; color: #282828;\">\u3010Kompakt og let\u3011: Disse h\u00e5ndv\u00e6gte er designet til at v\u00e6re kompakte og lette og er nemme at h\u00e5ndtere, opbevare og transportere, perfekt til brug i hjemmet og i fitnesscentret.<\/span><br \/>\n<span style=\"font-size: 110%; color: #282828;\">\u3010Let at reng\u00f8re\u3011: Den glatte neoprenoverflade er nem at reng\u00f8re og vedligeholde, hvilket sikrer hygiejne og lang levetid for h\u00e5ndv\u00e6gtene.<\/span><br \/>\n<span style=\"font-size: 110%; color: #282828;\">\u3010Holdbar konstruktion\u3011: Bygget af materialer af h\u00f8j kvalitet og forst\u00e6rket for styrke, er disse h\u00e5ndv\u00e6gte designet til at modst\u00e5 hyppig og intens brug uden skader.<\/span><br \/>\n<span style=\"font-size: 110%; color: #282828;\">\u3010Beskytter gulve\u3011: Neoprenbel\u00e6gningen giver ikke kun ekstra holdbarhed, men beskytter ogs\u00e5 dine gulve mod ridser og skader, n\u00e5r v\u00e6gtene l\u00e6gges ned.<\/span><br \/>\n<span style=\"font-size: 110%; color: #282828;\">\u3010Ideal til kvinder\u3011: Specielt designet til kvinders fitnessbehov og tilbyder en r\u00e6kke v\u00e6gte, der passer til forskellige \u00f8velser og fitnessniveauer.<\/span><\/p>\n<h3 style=\"margin: 0px; padding: 0px; color: #666666; font-family: Poppins-Regular, arial, helvetica, sans-serif; white-space: normal;\"><strong>Specifikation:<\/strong><\/h3>\n<p>&nbsp;<\/p>\n<table width=\"-980\">\n<tbody>\n<tr>\n<td style=\"word-break: break-all;\" valign=\"top\" width=\"311\">Varenummer: PN-DB-013<\/td>\n<td style=\"word-break: break-all;\" colspan=\"1\" rowspan=\"1\" valign=\"top\" width=\"395\">OEM\/ODM: Acceptabelt<\/td>\n<\/tr>\n<tr>\n<td style=\"word-break: break-all;\" valign=\"top\" width=\"311\">V\u00e6gt: 5-15LB<\/td>\n<td style=\"word-break: break-all;\" colspan=\"1\" rowspan=\"1\" valign=\"top\" width=\"395\">Materiale: Neopren + jern<\/td>\n<\/tr>\n<tr>\n<td style=\"word-break: break-all;\" valign=\"top\" width=\"311\">Logo: Tilpasset logo tilg\u00e6ngeligt<\/td>\n<td style=\"word-break: break-all;\" colspan=\"1\" rowspan=\"1\" valign=\"top\" width=\"395\">Pakning: Tilpasset pakning<\/td>\n<\/tr>\n<tr>\n<td style=\"word-break: break-all;\" valign=\"top\" width=\"311\">Farve: Tilpasning<\/td>\n<td style=\"word-break: break-all;\" colspan=\"1\" rowspan=\"1\" valign=\"top\" width=\"395\">Funktion: Skridsikker\/Anti-rulle<\/td>\n<\/tr>\n<\/tbody>\n<\/table>\n<p>&nbsp;<\/p>\n<p><img decoding=\"async\" title=\"Engros damer farve neopren st\u00f8bejern firkantede h\u00e5ndv\u00e6gte\" src=\"https:\/\/www.wavar.com\/data\/upload\/ueditor\/20220609\/62a16bddd0c87.jpg\" alt=\"Engros damer farve neopren st\u00f8bejern firkantede h\u00e5ndv\u00e6gte\" \/><\/p>\n<p><img decoding=\"async\" title=\"Engros damer farve neopren st\u00f8bejern firkantede h\u00e5ndv\u00e6gte\" src=\"https:\/\/www.wavar.com\/data\/upload\/ueditor\/20220609\/62a16bde5bfdf.jpg\" alt=\"Engros damer farve neopren st\u00f8bejern firkantede h\u00e5ndv\u00e6gte\" \/><\/p>\n<p><img decoding=\"async\" title=\"Engros damer farve neopren st\u00f8bejern firkantede h\u00e5ndv\u00e6gte\" src=\"https:\/\/www.wavar.com\/data\/upload\/ueditor\/20220609\/62a16bdebd0dc.jpg\" alt=\"Engros damer farve neopren st\u00f8bejern firkantede h\u00e5ndv\u00e6gte\" \/><\/p>\n<p><img decoding=\"async\" title=\"Engros damer farve neopren st\u00f8bejern firkantede h\u00e5ndv\u00e6gte\" src=\"https:\/\/www.wavar.com\/data\/upload\/ueditor\/20220609\/62a16bdf2a216.jpg\" alt=\"Engros damer farve neopren st\u00f8bejern firkantede h\u00e5ndv\u00e6gte\" \/><\/p>\n<p><img decoding=\"async\" title=\"Engros damer farve neopren st\u00f8bejern firkantede h\u00e5ndv\u00e6gte\" src=\"https:\/\/www.wavar.com\/data\/upload\/ueditor\/20220609\/62a16bdf95ed7.jpg\" alt=\"Engros damer farve neopren st\u00f8bejern firkantede h\u00e5ndv\u00e6gte\" \/><\/p>\n<p>&nbsp;<\/p>","protected":false},"excerpt":{"rendered":"<p>Varenummer: PN-DB-013<\/p>\n<p>Materiale: Neopren + jern<\/p>\n<p>V\u00e6gt: 5-15LB<\/p>\n<p>Farve: Tilpasning<\/p>\n<p>Pakning: Tilpasset pakning<\/p>\n<p>OEM\/ODM: Acceptabelt<\/p>","protected":false},"featured_media":1000,"template":"","meta":[],"product_cat":[40,18,38,41],"product_tag":[2179,2178,91,2177,2180,90,89,93,352],"class_list":{"0":"post-1001","1":"product","2":"type-product","3":"status-publish","4":"has-post-thumbnail","6":"product_cat-dumbbells-manufacturer","7":"product_cat-fitness","8":"product_cat-free-weights","9":"product_cat-women-dumbbell","10":"product_tag-cast-iron-dumbbells","11":"product_tag-color-square-dumbbells","12":"product_tag-home-gym-equipment","13":"product_tag-ladies-neoprene-dumbbells","14":"product_tag-neoprene-coated-weights","15":"product_tag-non-slip-dumbbells","16":"product_tag-strength-training-dumbbells","17":"product_tag-wholesale-dumbbells","18":"product_tag-womens-exercise-weights","20":"first","21":"instock","22":"shipping-taxable","23":"product-type-simple"},"_links":{"self":[{"href":"https:\/\/gofitstrength.com\/da\/wp-json\/wp\/v2\/product\/1001","targetHints":{"allow":["GET"]}}],"collection":[{"href":"https:\/\/gofitstrength.com\/da\/wp-json\/wp\/v2\/product"}],"about":[{"href":"https:\/\/gofitstrength.com\/da\/wp-json\/wp\/v2\/types\/product"}],"wp:featuredmedia":[{"embeddable":true,"href":"https:\/\/gofitstrength.com\/da\/wp-json\/wp\/v2\/media\/1000"}],"wp:attachment":[{"href":"https:\/\/gofitstrength.com\/da\/wp-json\/wp\/v2\/media?parent=1001"}],"wp:term":[{"taxonomy":"product_cat","embeddable":true,"href":"https:\/\/gofitstrength.com\/da\/wp-json\/wp\/v2\/product_cat?post=1001"},{"taxonomy":"product_tag","embeddable":true,"href":"https:\/\/gofitstrength.com\/da\/wp-json\/wp\/v2\/product_tag?post=1001"}],"curies":[{"name":"wp","href":"https:\/\/api.w.org\/{rel}","templated":true}]}}